{"id":3,"date":"2024-02-18T11:39:25","date_gmt":"2024-02-18T10:39:25","guid":{"rendered":"http:\/\/menoscope.fr\/?page_id=3"},"modified":"2024-04-27T11:25:14","modified_gmt":"2024-04-27T09:25:14","slug":"politique-de-confidentialite","status":"publish","type":"page","link":"https:\/\/menoscope.fr\/index.php\/politique-de-confidentialite\/","title":{"rendered":"Politique de confidentialit\u00e9"},"content":{"rendered":"\n<h2 class=\"wp-block-heading\">Qui sommes-nous&nbsp;?<\/h2>\n\n\n\n<p>L\u2019adresse de notre site est&nbsp;: https:\/\/menoscope.fr. <\/p>\n\n\n\n<p>M\u00e9noscope est une marque d\u00e9pos\u00e9e, appartenant \u00e0 Sophie Dinh-Ichac, domicili\u00e9e au 3 rue du Vieux Puits, 41290 Vi\u00e9vy-le-Ray\u00e9, France.<\/p>\n\n\n\n<h2 class=\"wp-block-heading\">Contenu embarqu\u00e9 depuis d\u2019autres sites<\/h2>\n\n\n\n<p>Les articles de ce site peuvent inclure des contenus int\u00e9gr\u00e9s (par exemple des vid\u00e9os, images, articles\u2026). Le contenu int\u00e9gr\u00e9 depuis d\u2019autres sites se comporte de la m\u00eame mani\u00e8re que si le visiteur se rendait sur cet autre site.<\/p>\n\n\n\n<p>Ces sites web pourraient collecter des donn\u00e9es sur vous, utiliser des cookies, embarquer des outils de suivis tiers, suivre vos interactions avec ces contenus embarqu\u00e9s si vous disposez d\u2019un compte connect\u00e9 sur leur site web.<\/p>\n\n\n\n<h2 class=\"wp-block-heading\">Utilisation et transmission de vos donn\u00e9es personnelles<\/h2>\n\n\n\n<p>Lorsque vous vous inscrivez pour recevoir notre Newsletter, nous enregistrons l\u2019adresse e-mail et le nom que vous nous fournissez pour pouvoir vous envoyer la Newsletter. <\/p>\n\n\n\n<p>Lorsque vous nous contactez par l\u2019interm\u00e9diaire de notre formulaire de contact, nous enregistrons l\u2019adresse e-mail et le nom que vous nous fournissez pour pouvoir vous r\u00e9pondre, mais nous ne vous enverrons pas de Newsletter, \u00e0 moins que vous ne l\u2019ayez demand\u00e9.<\/p>\n\n\n\n<p>Nous ne transmettons jamais vos informations \u00e0 qui que ce soit, elles servent uniquement aux \u00e9changes entre vous et M\u00e9noscope.<\/p>\n\n\n\n<h2 class=\"wp-block-heading\">Dur\u00e9es de stockage de vos donn\u00e9es<\/h2>\n\n\n\n<p>Nous conservons vos informations de contact jusqu\u2019\u00e0 ce que vous nous demandiez de les effacer. Pour cela cliquez sur le lien Me d\u00e9sabonner dans n\u2019importe quelle Newsletter que vous avez re\u00e7ue. Vous pouvez aussi nous envoyer un e-mail demandant de supprimer vos donn\u00e9es de notre base.<\/p>\n\n\n\n<h2 class=\"wp-block-heading\">Collecte de donn\u00e9es \u00e0 des fins statistiques<\/h2>\n\n\n\n<p>Nous utilisons WP Statistics pour mieux comprendre comment nos clients utilisent le site \u2013 pour en savoir plus sur l\u2019utilisation de vos Informations personnelles par WP Statistics, veuillez consulter la page suivante\u00a0: https:\/\/wp-statistics.com\/privacy-and-policy\/.<\/p>\n","protected":false},"excerpt":{"rendered":"<p>Qui sommes-nous&nbsp;? L\u2019adresse de notre site est&nbsp;: https:\/\/menoscope.fr. M\u00e9noscope est une marque d\u00e9pos\u00e9e, appartenant \u00e0 Sophie Dinh-Ichac, domicili\u00e9e au 3 rue du Vieux Puits, 41290 Vi\u00e9vy-le-Ray\u00e9, France. Contenu embarqu\u00e9 depuis d\u2019autres sites Les articles de ce site peuvent inclure des contenus int\u00e9gr\u00e9s (par exemple des vid\u00e9os, images, articles\u2026). Le contenu int\u00e9gr\u00e9 depuis d\u2019autres sites se [&hellip;]<\/p>\n","protected":false},"author":1,"featured_media":0,"parent":0,"menu_order":0,"comment_status":"closed","ping_status":"open","template":"","meta":{"footnotes":""},"class_list":["post-3","page","type-page","status-publish","hentry"],"yoast_head":"<!-- This site is optimized with the Yoast SEO plugin v26.5 - https:\/\/yoast.com\/wordpress\/plugins\/seo\/ -->\n<title>Politique de confidentialit\u00e9 - M\u00e9noscope<\/title>\n<meta name=\"description\" content=\"Politique de confidentialit\u00e9 du site Web M\u00e9noscope.\" \/>\n<meta name=\"robots\" content=\"index, follow, max-snippet:-1, max-image-preview:large, max-video-preview:-1\" \/>\n<link rel=\"canonical\" href=\"https:\/\/menoscope.fr\/index.php\/politique-de-confidentialite\/\" \/>\n<meta property=\"og:locale\" content=\"fr_FR\" \/>\n<meta property=\"og:type\" content=\"article\" \/>\n<meta property=\"og:title\" content=\"Politique de confidentialit\u00e9 - M\u00e9noscope\" \/>\n<meta property=\"og:description\" content=\"Politique de confidentialit\u00e9 du site Web M\u00e9noscope.\" \/>\n<meta property=\"og:url\" content=\"https:\/\/menoscope.fr\/index.php\/politique-de-confidentialite\/\" \/>\n<meta property=\"og:site_name\" content=\"M\u00e9noscope\" \/>\n<meta property=\"article:publisher\" content=\"https:\/\/www.facebook.com\/profile.php?id=61556923317110\" \/>\n<meta property=\"article:modified_time\" content=\"2024-04-27T09:25:14+00:00\" \/>\n<meta property=\"og:image\" content=\"https:\/\/menoscope.fr\/wp-content\/uploads\/2024\/02\/cropped-logo-fond-blanc.jpg\" \/>\n\t<meta property=\"og:image:width\" content=\"1323\" \/>\n\t<meta property=\"og:image:height\" content=\"699\" \/>\n\t<meta property=\"og:image:type\" content=\"image\/jpeg\" \/>\n<meta name=\"twitter:card\" content=\"summary_large_image\" \/>\n<meta name=\"twitter:label1\" content=\"Dur\u00e9e de lecture estim\u00e9e\" \/>\n\t<meta name=\"twitter:data1\" content=\"2 minutes\" \/>\n<script type=\"application\/ld+json\" class=\"yoast-schema-graph\">{\"@context\":\"https:\/\/schema.org\",\"@graph\":[{\"@type\":\"WebPage\",\"@id\":\"https:\/\/menoscope.fr\/index.php\/politique-de-confidentialite\/\",\"url\":\"https:\/\/menoscope.fr\/index.php\/politique-de-confidentialite\/\",\"name\":\"Politique de confidentialit\u00e9 - M\u00e9noscope\",\"isPartOf\":{\"@id\":\"https:\/\/menoscope.fr\/#website\"},\"datePublished\":\"2024-02-18T10:39:25+00:00\",\"dateModified\":\"2024-04-27T09:25:14+00:00\",\"description\":\"Politique de confidentialit\u00e9 du site Web M\u00e9noscope.\",\"breadcrumb\":{\"@id\":\"https:\/\/menoscope.fr\/index.php\/politique-de-confidentialite\/#breadcrumb\"},\"inLanguage\":\"fr-FR\",\"potentialAction\":[{\"@type\":\"ReadAction\",\"target\":[\"https:\/\/menoscope.fr\/index.php\/politique-de-confidentialite\/\"]}]},{\"@type\":\"BreadcrumbList\",\"@id\":\"https:\/\/menoscope.fr\/index.php\/politique-de-confidentialite\/#breadcrumb\",\"itemListElement\":[{\"@type\":\"ListItem\",\"position\":1,\"name\":\"Accueil\",\"item\":\"https:\/\/menoscope.fr\/\"},{\"@type\":\"ListItem\",\"position\":2,\"name\":\"Politique de confidentialit\u00e9\"}]},{\"@type\":\"WebSite\",\"@id\":\"https:\/\/menoscope.fr\/#website\",\"url\":\"https:\/\/menoscope.fr\/\",\"name\":\"M\u00e9noscope\",\"description\":\"La vie en (p\u00e9ri)m\u00e9nopause\",\"publisher\":{\"@id\":\"https:\/\/menoscope.fr\/#organization\"},\"potentialAction\":[{\"@type\":\"SearchAction\",\"target\":{\"@type\":\"EntryPoint\",\"urlTemplate\":\"https:\/\/menoscope.fr\/?s={search_term_string}\"},\"query-input\":{\"@type\":\"PropertyValueSpecification\",\"valueRequired\":true,\"valueName\":\"search_term_string\"}}],\"inLanguage\":\"fr-FR\"},{\"@type\":\"Organization\",\"@id\":\"https:\/\/menoscope.fr\/#organization\",\"name\":\"M\u00e9noscope\",\"url\":\"https:\/\/menoscope.fr\/\",\"logo\":{\"@type\":\"ImageObject\",\"inLanguage\":\"fr-FR\",\"@id\":\"https:\/\/menoscope.fr\/#\/schema\/logo\/image\/\",\"url\":\"https:\/\/menoscope.fr\/wp-content\/uploads\/2024\/02\/logo-fond-blanc.jpg\",\"contentUrl\":\"https:\/\/menoscope.fr\/wp-content\/uploads\/2024\/02\/logo-fond-blanc.jpg\",\"width\":1325,\"height\":700,\"caption\":\"M\u00e9noscope\"},\"image\":{\"@id\":\"https:\/\/menoscope.fr\/#\/schema\/logo\/image\/\"},\"sameAs\":[\"https:\/\/www.facebook.com\/profile.php?id=61556923317110\",\"https:\/\/www.instagram.com\/menoscopelemag\/\",\"https:\/\/bsky.app\/profile\/menoscope.bsky.social\"]}]}<\/script>\n<!-- \/ Yoast SEO plugin. -->","yoast_head_json":{"title":"Politique de confidentialit\u00e9 - M\u00e9noscope","description":"Politique de confidentialit\u00e9 du site Web M\u00e9noscope.","robots":{"index":"index","follow":"follow","max-snippet":"max-snippet:-1","max-image-preview":"max-image-preview:large","max-video-preview":"max-video-preview:-1"},"canonical":"https:\/\/menoscope.fr\/index.php\/politique-de-confidentialite\/","og_locale":"fr_FR","og_type":"article","og_title":"Politique de confidentialit\u00e9 - M\u00e9noscope","og_description":"Politique de confidentialit\u00e9 du site Web M\u00e9noscope.","og_url":"https:\/\/menoscope.fr\/index.php\/politique-de-confidentialite\/","og_site_name":"M\u00e9noscope","article_publisher":"https:\/\/www.facebook.com\/profile.php?id=61556923317110","article_modified_time":"2024-04-27T09:25:14+00:00","og_image":[{"width":1323,"height":699,"url":"https:\/\/menoscope.fr\/wp-content\/uploads\/2024\/02\/cropped-logo-fond-blanc.jpg","type":"image\/jpeg"}],"twitter_card":"summary_large_image","twitter_misc":{"Dur\u00e9e de lecture estim\u00e9e":"2 minutes"},"schema":{"@context":"https:\/\/schema.org","@graph":[{"@type":"WebPage","@id":"https:\/\/menoscope.fr\/index.php\/politique-de-confidentialite\/","url":"https:\/\/menoscope.fr\/index.php\/politique-de-confidentialite\/","name":"Politique de confidentialit\u00e9 - M\u00e9noscope","isPartOf":{"@id":"https:\/\/menoscope.fr\/#website"},"datePublished":"2024-02-18T10:39:25+00:00","dateModified":"2024-04-27T09:25:14+00:00","description":"Politique de confidentialit\u00e9 du site Web M\u00e9noscope.","breadcrumb":{"@id":"https:\/\/menoscope.fr\/index.php\/politique-de-confidentialite\/#breadcrumb"},"inLanguage":"fr-FR","potentialAction":[{"@type":"ReadAction","target":["https:\/\/menoscope.fr\/index.php\/politique-de-confidentialite\/"]}]},{"@type":"BreadcrumbList","@id":"https:\/\/menoscope.fr\/index.php\/politique-de-confidentialite\/#breadcrumb","itemListElement":[{"@type":"ListItem","position":1,"name":"Accueil","item":"https:\/\/menoscope.fr\/"},{"@type":"ListItem","position":2,"name":"Politique de confidentialit\u00e9"}]},{"@type":"WebSite","@id":"https:\/\/menoscope.fr\/#website","url":"https:\/\/menoscope.fr\/","name":"M\u00e9noscope","description":"La vie en (p\u00e9ri)m\u00e9nopause","publisher":{"@id":"https:\/\/menoscope.fr\/#organization"},"potentialAction":[{"@type":"SearchAction","target":{"@type":"EntryPoint","urlTemplate":"https:\/\/menoscope.fr\/?s={search_term_string}"},"query-input":{"@type":"PropertyValueSpecification","valueRequired":true,"valueName":"search_term_string"}}],"inLanguage":"fr-FR"},{"@type":"Organization","@id":"https:\/\/menoscope.fr\/#organization","name":"M\u00e9noscope","url":"https:\/\/menoscope.fr\/","logo":{"@type":"ImageObject","inLanguage":"fr-FR","@id":"https:\/\/menoscope.fr\/#\/schema\/logo\/image\/","url":"https:\/\/menoscope.fr\/wp-content\/uploads\/2024\/02\/logo-fond-blanc.jpg","contentUrl":"https:\/\/menoscope.fr\/wp-content\/uploads\/2024\/02\/logo-fond-blanc.jpg","width":1325,"height":700,"caption":"M\u00e9noscope"},"image":{"@id":"https:\/\/menoscope.fr\/#\/schema\/logo\/image\/"},"sameAs":["https:\/\/www.facebook.com\/profile.php?id=61556923317110","https:\/\/www.instagram.com\/menoscopelemag\/","https:\/\/bsky.app\/profile\/menoscope.bsky.social"]}]}},"_links":{"self":[{"href":"https:\/\/menoscope.fr\/index.php\/wp-json\/wp\/v2\/pages\/3","targetHints":{"allow":["GET"]}}],"collection":[{"href":"https:\/\/menoscope.fr\/index.php\/wp-json\/wp\/v2\/pages"}],"about":[{"href":"https:\/\/menoscope.fr\/index.php\/wp-json\/wp\/v2\/types\/page"}],"author":[{"embeddable":true,"href":"https:\/\/menoscope.fr\/index.php\/wp-json\/wp\/v2\/users\/1"}],"replies":[{"embeddable":true,"href":"https:\/\/menoscope.fr\/index.php\/wp-json\/wp\/v2\/comments?post=3"}],"version-history":[{"count":8,"href":"https:\/\/menoscope.fr\/index.php\/wp-json\/wp\/v2\/pages\/3\/revisions"}],"predecessor-version":[{"id":597,"href":"https:\/\/menoscope.fr\/index.php\/wp-json\/wp\/v2\/pages\/3\/revisions\/597"}],"wp:attachment":[{"href":"https:\/\/menoscope.fr\/index.php\/wp-json\/wp\/v2\/media?parent=3"}],"curies":[{"name":"wp","href":"https:\/\/api.w.org\/{rel}","templated":true}]}}