{"id":369,"date":"2024-03-26T16:52:35","date_gmt":"2024-03-26T15:52:35","guid":{"rendered":"https:\/\/menoscope.fr\/?page_id=369"},"modified":"2024-04-15T20:22:47","modified_gmt":"2024-04-15T18:22:47","slug":"le-projet","status":"publish","type":"page","link":"https:\/\/menoscope.fr\/index.php\/a-propos\/le-projet\/","title":{"rendered":"Le projet"},"content":{"rendered":"\n<div class=\"wp-block-group is-vertical is-layout-flex wp-container-core-group-is-layout-8cf370e7 wp-block-group-is-layout-flex\">\n<p class=\"has-white-color has-text-color has-background has-link-color wp-elements-1548e34d07774fce3d1fcafbfd2a599a\" style=\"background-color:#1b7b80\">La m\u00e9nopause n\u2019est pas seulement une affaire de femmes. La (p\u00e9ri)m\u00e9nopause, le climat\u00e8re, les bouff\u00e9es de chaleur et les sautes d\u2019humeur, l\u2019\u00e9tat d\u00e9pressif et les r\u00e8gles irr\u00e9guli\u00e8res, tout cela et mille autres sympt\u00f4mes et effets, affectent bien s\u00fbr les femmes en premier lieu, mais aussi leur entourage proche, avec au premier rang les partenaires de vie. Voil\u00e0 le parti pris de M\u00e9noscope.<\/p>\n\n\n\n<h2 class=\"wp-block-heading has-text-color has-link-color wp-elements-a697631be028a7594699f4666c41e59d\" style=\"color:#1b7b80\">Mettre fin \u00e0 l&rsquo;omerta<\/h2>\n\n\n\n<p>Il y a seulement deux g\u00e9n\u00e9rations, il n\u2019\u00e9tait pas rare que des petites filles se r\u00e9veillent un matin avec du sang dans leur culotte et mal au ventre sans avoir la moindre id\u00e9e de ce qui leur arrivait. On n\u2019en est plus l\u00e0 et heureusement. Alors comment se fait-il qu\u2019aujourd\u2019hui, en 2024, des femmes subissent pendant des ann\u00e9es des troubles tels que s\u00e9cheresse oculaire ou rar\u00e9faction des sourcils, des couples soient confront\u00e9s \u00e0 une irritabilit\u00e9, une anxi\u00e9t\u00e9 latente, des insomnies, sans savoir que c\u2019est simplement le processus de la pr\u00e9m\u00e9nopause qui s\u2019est enclench\u00e9 ?<\/p>\n\n\n\n<p>\u00c0 l\u2019heure o\u00f9 commence \u00e0 se fissurer l\u2019omerta qui entoure les r\u00e8gles et leur fin programm\u00e9e, il nous semble \u00e9vident et primordial que tous les protagonistes de ce nouvel acte de la vie sachent et comprennent ce qui les attend, ce qu\u2019ils traversent.<\/p>\n\n\n\n<p>Nous mettrons un point d\u2019honneur \u00e0 aborder clairement et sans tabou les grandes r\u00e9volutions et les petits inconforts, les options th\u00e9rapeutiques et les solutions de contournement, mais aussi les doutes et les questions sans r\u00e9ponse.<\/p>\n\n\n\n<div class=\"wp-block-columns is-layout-flex wp-container-core-columns-is-layout-9d6595d7 wp-block-columns-is-layout-flex\">\n<div class=\"wp-block-column is-layout-flow wp-block-column-is-layout-flow\"><\/div>\n<\/div>\n\n\n\n<h2 class=\"wp-block-heading has-text-align-center has-text-color has-link-color wp-elements-891d62d6c8c5be9675e946a7d95c06c9\" style=\"color:#1b7b80\">Informer, \u00e9changer, d\u00e9mystifier<\/h2>\n\n\n\n<p>Pour beaucoup de femmes, ce processus commence dans la quatri\u00e8me d\u00e9cennie, alors que l\u2019adolescence des enfants constitue d\u00e9j\u00e0 un d\u00e9fi quotidien. C\u2019est aussi souvent une p\u00e9riode o\u00f9 le couple peut se lasser d\u2019\u00eatre archi-connu et o\u00f9 les efforts pour le maintenir \u00e0 flot peuvent para\u00eetre d\u00e9mesur\u00e9s et d\u00e9courageants.<\/p>\n\n\n\n<p>Chez M\u00e9noscope, nous avons la conviction qu\u2019en comprenant mieux les changements qui s\u2019op\u00e8rent \u00e0 la p\u00e9rim\u00e9nopause, les femmes et leurs partenaires ne seront plus condamn\u00e9s \u00e0 les subir de plein fouet et pourront au contraire apprendre \u00e0 vivre avec, \u00e0 accueillir les plus b\u00e9nins et \u00e0 anticiper les plus traumatisants. De victimes, ils deviendront acteurs, un r\u00f4le toujours plus gratifiant et plus efficace.<\/p>\n\n\n\n<p>Nous enfoncerons sans doute quelques portes ouvertes, nous partirons \u00e0 la d\u00e9couverte de ce corps qui se redessine sans l\u2019accord de son occupante. Nous recueillerons les t\u00e9moignages de femmes et de couples, nous nous entretiendrons avec des m\u00e9decins, des gyn\u00e9cologues et des psychologues, nous r\u00e9pondrons aux interrogations des lecteurs et des lectrices, nous donnerons de la place \u00e0 la parole des hommes.<\/p>\n\n\n\n<p>Nous aurons aussi \u00e0 c\u0153ur d\u2019aborder les cas particuliers tels que la m\u00e9nopause pr\u00e9coce ou induite par des traitements m\u00e9dicaux, qui rec\u00e8lent leurs angoisses et leurs d\u00e9ceptions sp\u00e9cifiques.<\/p>\n\n\n\n<p>Bien s\u00fbr, nous parlerons aussi de sexualit\u00e9, car il semble que les tourments de la (p\u00e9ri)m\u00e9nopause seraient infiniment plus supportables pour beaucoup s\u2019ils n\u2019alt\u00e9raient pas les relations sexuelles.<\/p>\n<\/div>\n\n\n<p class=\"has-text-align-center\">\n<p style=\"color:#1b7b80\"><strong>M\u00e9noscope, c\u2019est d\u2019abord un site web avec des informations sourc\u00e9es, des podcasts, des vid\u00e9os et des articles de synth\u00e8se. Ce sera par la suite \u00e9galement un magazine trimestriel qui proposera des dossiers th\u00e9matiques complets, des entretiens approfondis, des conseils d\u2019activit\u00e9 physique et alimentaires, et bien d\u2019autres choses \u00e0 d\u00e9couvrir !<\/strong><\/p>\n<\/p>","protected":false},"excerpt":{"rendered":"<p>La m\u00e9nopause n\u2019est pas seulement une affaire de femmes. La (p\u00e9ri)m\u00e9nopause, le climat\u00e8re, les bouff\u00e9es de chaleur et les sautes d\u2019humeur, l\u2019\u00e9tat d\u00e9pressif et les r\u00e8gles irr\u00e9guli\u00e8res, tout cela et mille autres sympt\u00f4mes et effets, affectent bien s\u00fbr les femmes en premier lieu, mais aussi leur entourage proche, avec au premier rang les partenaires de [&hellip;]<\/p>\n","protected":false},"author":1,"featured_media":407,"parent":5,"menu_order":0,"comment_status":"closed","ping_status":"closed","template":"","meta":{"footnotes":""},"class_list":["post-369","page","type-page","status-publish","has-post-thumbnail","hentry"],"yoast_head":"<!-- This site is optimized with the Yoast SEO plugin v26.5 - https:\/\/yoast.com\/wordpress\/plugins\/seo\/ -->\n<title>Le projet - M\u00e9noscope<\/title>\n<meta name=\"description\" content=\"La m\u00e9nopause n&#039;est pas seulement l&#039;affaire des femmes. Ses r\u00e9percussions physiques et psychologiques atteignent tout l&#039;entourage.\" \/>\n<meta name=\"robots\" content=\"index, follow, max-snippet:-1, max-image-preview:large, max-video-preview:-1\" \/>\n<link rel=\"canonical\" href=\"https:\/\/menoscope.fr\/index.php\/a-propos\/le-projet\/\" \/>\n<meta property=\"og:locale\" content=\"fr_FR\" \/>\n<meta property=\"og:type\" content=\"article\" \/>\n<meta property=\"og:title\" content=\"Le projet - M\u00e9noscope\" \/>\n<meta property=\"og:description\" content=\"La m\u00e9nopause n&#039;est pas seulement l&#039;affaire des femmes. Ses r\u00e9percussions physiques et psychologiques atteignent tout l&#039;entourage.\" \/>\n<meta property=\"og:url\" content=\"https:\/\/menoscope.fr\/index.php\/a-propos\/le-projet\/\" \/>\n<meta property=\"og:site_name\" content=\"M\u00e9noscope\" \/>\n<meta property=\"article:publisher\" content=\"https:\/\/www.facebook.com\/profile.php?id=61556923317110\" \/>\n<meta property=\"article:modified_time\" content=\"2024-04-15T18:22:47+00:00\" \/>\n<meta property=\"og:image\" content=\"https:\/\/menoscope.fr\/wp-content\/uploads\/2024\/03\/Design-sans-titre.jpg\" \/>\n\t<meta property=\"og:image:width\" content=\"1280\" \/>\n\t<meta property=\"og:image:height\" content=\"530\" \/>\n\t<meta property=\"og:image:type\" content=\"image\/jpeg\" \/>\n<meta name=\"twitter:card\" content=\"summary_large_image\" \/>\n<meta name=\"twitter:label1\" content=\"Dur\u00e9e de lecture estim\u00e9e\" \/>\n\t<meta name=\"twitter:data1\" content=\"3 minutes\" \/>\n<script type=\"application\/ld+json\" class=\"yoast-schema-graph\">{\"@context\":\"https:\/\/schema.org\",\"@graph\":[{\"@type\":\"WebPage\",\"@id\":\"https:\/\/menoscope.fr\/index.php\/a-propos\/le-projet\/\",\"url\":\"https:\/\/menoscope.fr\/index.php\/a-propos\/le-projet\/\",\"name\":\"Le projet - M\u00e9noscope\",\"isPartOf\":{\"@id\":\"https:\/\/menoscope.fr\/#website\"},\"primaryImageOfPage\":{\"@id\":\"https:\/\/menoscope.fr\/index.php\/a-propos\/le-projet\/#primaryimage\"},\"image\":{\"@id\":\"https:\/\/menoscope.fr\/index.php\/a-propos\/le-projet\/#primaryimage\"},\"thumbnailUrl\":\"https:\/\/menoscope.fr\/wp-content\/uploads\/2024\/03\/Design-sans-titre.jpg\",\"datePublished\":\"2024-03-26T15:52:35+00:00\",\"dateModified\":\"2024-04-15T18:22:47+00:00\",\"description\":\"La m\u00e9nopause n'est pas seulement l'affaire des femmes. Ses r\u00e9percussions physiques et psychologiques atteignent tout l'entourage.\",\"breadcrumb\":{\"@id\":\"https:\/\/menoscope.fr\/index.php\/a-propos\/le-projet\/#breadcrumb\"},\"inLanguage\":\"fr-FR\",\"potentialAction\":[{\"@type\":\"ReadAction\",\"target\":[\"https:\/\/menoscope.fr\/index.php\/a-propos\/le-projet\/\"]}]},{\"@type\":\"ImageObject\",\"inLanguage\":\"fr-FR\",\"@id\":\"https:\/\/menoscope.fr\/index.php\/a-propos\/le-projet\/#primaryimage\",\"url\":\"https:\/\/menoscope.fr\/wp-content\/uploads\/2024\/03\/Design-sans-titre.jpg\",\"contentUrl\":\"https:\/\/menoscope.fr\/wp-content\/uploads\/2024\/03\/Design-sans-titre.jpg\",\"width\":1280,\"height\":530},{\"@type\":\"BreadcrumbList\",\"@id\":\"https:\/\/menoscope.fr\/index.php\/a-propos\/le-projet\/#breadcrumb\",\"itemListElement\":[{\"@type\":\"ListItem\",\"position\":1,\"name\":\"Accueil\",\"item\":\"https:\/\/menoscope.fr\/\"},{\"@type\":\"ListItem\",\"position\":2,\"name\":\"\u00c0 propos\",\"item\":\"https:\/\/menoscope.fr\/index.php\/a-propos\/\"},{\"@type\":\"ListItem\",\"position\":3,\"name\":\"Le projet\"}]},{\"@type\":\"WebSite\",\"@id\":\"https:\/\/menoscope.fr\/#website\",\"url\":\"https:\/\/menoscope.fr\/\",\"name\":\"M\u00e9noscope\",\"description\":\"La vie en (p\u00e9ri)m\u00e9nopause\",\"publisher\":{\"@id\":\"https:\/\/menoscope.fr\/#organization\"},\"potentialAction\":[{\"@type\":\"SearchAction\",\"target\":{\"@type\":\"EntryPoint\",\"urlTemplate\":\"https:\/\/menoscope.fr\/?s={search_term_string}\"},\"query-input\":{\"@type\":\"PropertyValueSpecification\",\"valueRequired\":true,\"valueName\":\"search_term_string\"}}],\"inLanguage\":\"fr-FR\"},{\"@type\":\"Organization\",\"@id\":\"https:\/\/menoscope.fr\/#organization\",\"name\":\"M\u00e9noscope\",\"url\":\"https:\/\/menoscope.fr\/\",\"logo\":{\"@type\":\"ImageObject\",\"inLanguage\":\"fr-FR\",\"@id\":\"https:\/\/menoscope.fr\/#\/schema\/logo\/image\/\",\"url\":\"https:\/\/menoscope.fr\/wp-content\/uploads\/2024\/02\/logo-fond-blanc.jpg\",\"contentUrl\":\"https:\/\/menoscope.fr\/wp-content\/uploads\/2024\/02\/logo-fond-blanc.jpg\",\"width\":1325,\"height\":700,\"caption\":\"M\u00e9noscope\"},\"image\":{\"@id\":\"https:\/\/menoscope.fr\/#\/schema\/logo\/image\/\"},\"sameAs\":[\"https:\/\/www.facebook.com\/profile.php?id=61556923317110\",\"https:\/\/www.instagram.com\/menoscopelemag\/\",\"https:\/\/bsky.app\/profile\/menoscope.bsky.social\"]}]}<\/script>\n<!-- \/ Yoast SEO plugin. -->","yoast_head_json":{"title":"Le projet - M\u00e9noscope","description":"La m\u00e9nopause n'est pas seulement l'affaire des femmes. Ses r\u00e9percussions physiques et psychologiques atteignent tout l'entourage.","robots":{"index":"index","follow":"follow","max-snippet":"max-snippet:-1","max-image-preview":"max-image-preview:large","max-video-preview":"max-video-preview:-1"},"canonical":"https:\/\/menoscope.fr\/index.php\/a-propos\/le-projet\/","og_locale":"fr_FR","og_type":"article","og_title":"Le projet - M\u00e9noscope","og_description":"La m\u00e9nopause n'est pas seulement l'affaire des femmes. Ses r\u00e9percussions physiques et psychologiques atteignent tout l'entourage.","og_url":"https:\/\/menoscope.fr\/index.php\/a-propos\/le-projet\/","og_site_name":"M\u00e9noscope","article_publisher":"https:\/\/www.facebook.com\/profile.php?id=61556923317110","article_modified_time":"2024-04-15T18:22:47+00:00","og_image":[{"width":1280,"height":530,"url":"https:\/\/menoscope.fr\/wp-content\/uploads\/2024\/03\/Design-sans-titre.jpg","type":"image\/jpeg"}],"twitter_card":"summary_large_image","twitter_misc":{"Dur\u00e9e de lecture estim\u00e9e":"3 minutes"},"schema":{"@context":"https:\/\/schema.org","@graph":[{"@type":"WebPage","@id":"https:\/\/menoscope.fr\/index.php\/a-propos\/le-projet\/","url":"https:\/\/menoscope.fr\/index.php\/a-propos\/le-projet\/","name":"Le projet - M\u00e9noscope","isPartOf":{"@id":"https:\/\/menoscope.fr\/#website"},"primaryImageOfPage":{"@id":"https:\/\/menoscope.fr\/index.php\/a-propos\/le-projet\/#primaryimage"},"image":{"@id":"https:\/\/menoscope.fr\/index.php\/a-propos\/le-projet\/#primaryimage"},"thumbnailUrl":"https:\/\/menoscope.fr\/wp-content\/uploads\/2024\/03\/Design-sans-titre.jpg","datePublished":"2024-03-26T15:52:35+00:00","dateModified":"2024-04-15T18:22:47+00:00","description":"La m\u00e9nopause n'est pas seulement l'affaire des femmes. Ses r\u00e9percussions physiques et psychologiques atteignent tout l'entourage.","breadcrumb":{"@id":"https:\/\/menoscope.fr\/index.php\/a-propos\/le-projet\/#breadcrumb"},"inLanguage":"fr-FR","potentialAction":[{"@type":"ReadAction","target":["https:\/\/menoscope.fr\/index.php\/a-propos\/le-projet\/"]}]},{"@type":"ImageObject","inLanguage":"fr-FR","@id":"https:\/\/menoscope.fr\/index.php\/a-propos\/le-projet\/#primaryimage","url":"https:\/\/menoscope.fr\/wp-content\/uploads\/2024\/03\/Design-sans-titre.jpg","contentUrl":"https:\/\/menoscope.fr\/wp-content\/uploads\/2024\/03\/Design-sans-titre.jpg","width":1280,"height":530},{"@type":"BreadcrumbList","@id":"https:\/\/menoscope.fr\/index.php\/a-propos\/le-projet\/#breadcrumb","itemListElement":[{"@type":"ListItem","position":1,"name":"Accueil","item":"https:\/\/menoscope.fr\/"},{"@type":"ListItem","position":2,"name":"\u00c0 propos","item":"https:\/\/menoscope.fr\/index.php\/a-propos\/"},{"@type":"ListItem","position":3,"name":"Le projet"}]},{"@type":"WebSite","@id":"https:\/\/menoscope.fr\/#website","url":"https:\/\/menoscope.fr\/","name":"M\u00e9noscope","description":"La vie en (p\u00e9ri)m\u00e9nopause","publisher":{"@id":"https:\/\/menoscope.fr\/#organization"},"potentialAction":[{"@type":"SearchAction","target":{"@type":"EntryPoint","urlTemplate":"https:\/\/menoscope.fr\/?s={search_term_string}"},"query-input":{"@type":"PropertyValueSpecification","valueRequired":true,"valueName":"search_term_string"}}],"inLanguage":"fr-FR"},{"@type":"Organization","@id":"https:\/\/menoscope.fr\/#organization","name":"M\u00e9noscope","url":"https:\/\/menoscope.fr\/","logo":{"@type":"ImageObject","inLanguage":"fr-FR","@id":"https:\/\/menoscope.fr\/#\/schema\/logo\/image\/","url":"https:\/\/menoscope.fr\/wp-content\/uploads\/2024\/02\/logo-fond-blanc.jpg","contentUrl":"https:\/\/menoscope.fr\/wp-content\/uploads\/2024\/02\/logo-fond-blanc.jpg","width":1325,"height":700,"caption":"M\u00e9noscope"},"image":{"@id":"https:\/\/menoscope.fr\/#\/schema\/logo\/image\/"},"sameAs":["https:\/\/www.facebook.com\/profile.php?id=61556923317110","https:\/\/www.instagram.com\/menoscopelemag\/","https:\/\/bsky.app\/profile\/menoscope.bsky.social"]}]}},"_links":{"self":[{"href":"https:\/\/menoscope.fr\/index.php\/wp-json\/wp\/v2\/pages\/369","targetHints":{"allow":["GET"]}}],"collection":[{"href":"https:\/\/menoscope.fr\/index.php\/wp-json\/wp\/v2\/pages"}],"about":[{"href":"https:\/\/menoscope.fr\/index.php\/wp-json\/wp\/v2\/types\/page"}],"author":[{"embeddable":true,"href":"https:\/\/menoscope.fr\/index.php\/wp-json\/wp\/v2\/users\/1"}],"replies":[{"embeddable":true,"href":"https:\/\/menoscope.fr\/index.php\/wp-json\/wp\/v2\/comments?post=369"}],"version-history":[{"count":9,"href":"https:\/\/menoscope.fr\/index.php\/wp-json\/wp\/v2\/pages\/369\/revisions"}],"predecessor-version":[{"id":439,"href":"https:\/\/menoscope.fr\/index.php\/wp-json\/wp\/v2\/pages\/369\/revisions\/439"}],"up":[{"embeddable":true,"href":"https:\/\/menoscope.fr\/index.php\/wp-json\/wp\/v2\/pages\/5"}],"wp:featuredmedia":[{"embeddable":true,"href":"https:\/\/menoscope.fr\/index.php\/wp-json\/wp\/v2\/media\/407"}],"wp:attachment":[{"href":"https:\/\/menoscope.fr\/index.php\/wp-json\/wp\/v2\/media?parent=369"}],"curies":[{"name":"wp","href":"https:\/\/api.w.org\/{rel}","templated":true}]}}