{"id":423,"date":"2024-03-31T17:37:13","date_gmt":"2024-03-31T15:37:13","guid":{"rendered":"https:\/\/menoscope.fr\/?page_id=423"},"modified":"2024-03-31T17:37:14","modified_gmt":"2024-03-31T15:37:14","slug":"newsletter","status":"publish","type":"page","link":"https:\/\/menoscope.fr\/index.php\/newsletter\/","title":{"rendered":"Newsletter"},"content":{"rendered":"\n<p>Notre site vous plait ? Vous souhaitez suivre la sortie de nos futurs articles ? Alors inscrivez-vous \u00e0 notre newsletter pour recevoir tous les mois un r\u00e9cap&rsquo; sur nos derni\u00e8res publications !<\/p>\n\n\n  \n  \n  <div class=\"\n    mailpoet_form_popup_overlay\n      \"><\/div>\n  <div\n    id=\"mailpoet_form_1\"\n    class=\"\n      mailpoet_form\n      mailpoet_form_html\n      mailpoet_form_position_\n      mailpoet_form_animation_\n    \"\n      >\n\n    <style type=\"text\/css\">\n     #mailpoet_form_1 .mailpoet_form {  }\n#mailpoet_form_1 form { margin-bottom: 0; }\n#mailpoet_form_1 p.mailpoet_form_paragraph { margin-bottom: 10px; }\n#mailpoet_form_1 .mailpoet_column_with_background { padding: 10px; }\n#mailpoet_form_1 .mailpoet_form_column:not(:first-child) { margin-left: 20px; }\n#mailpoet_form_1 .mailpoet_paragraph { line-height: 20px; margin-bottom: 20px; }\n#mailpoet_form_1 .mailpoet_segment_label, #mailpoet_form_1 .mailpoet_text_label, #mailpoet_form_1 .mailpoet_textarea_label, #mailpoet_form_1 .mailpoet_select_label, #mailpoet_form_1 .mailpoet_radio_label, #mailpoet_form_1 .mailpoet_checkbox_label, #mailpoet_form_1 .mailpoet_list_label, #mailpoet_form_1 .mailpoet_date_label { display: block; font-weight: normal; }\n#mailpoet_form_1 .mailpoet_text, #mailpoet_form_1 .mailpoet_textarea, #mailpoet_form_1 .mailpoet_select, #mailpoet_form_1 .mailpoet_date_month, #mailpoet_form_1 .mailpoet_date_day, #mailpoet_form_1 .mailpoet_date_year, #mailpoet_form_1 .mailpoet_date { display: block; }\n#mailpoet_form_1 .mailpoet_text, #mailpoet_form_1 .mailpoet_textarea { width: 200px; }\n#mailpoet_form_1 .mailpoet_checkbox {  }\n#mailpoet_form_1 .mailpoet_submit {  }\n#mailpoet_form_1 .mailpoet_divider {  }\n#mailpoet_form_1 .mailpoet_message {  }\n#mailpoet_form_1 .mailpoet_form_loading { width: 30px; text-align: center; line-height: normal; }\n#mailpoet_form_1 .mailpoet_form_loading > span { width: 5px; height: 5px; background-color: #5b5b5b; }\n#mailpoet_form_1 h2.mailpoet-heading { margin: 0 0 20px 0; }\n#mailpoet_form_1 h1.mailpoet-heading { margin: 0 0 10px; }#mailpoet_form_1{border-radius: 40px;text-align: left;}#mailpoet_form_1 form.mailpoet_form {padding: 16px;}#mailpoet_form_1{width: 100%;}#mailpoet_form_1 .mailpoet_message {margin: 0; padding: 0 20px;}\n        #mailpoet_form_1 .mailpoet_validate_success {color: #00d084}\n        #mailpoet_form_1 input.parsley-success {color: #00d084}\n        #mailpoet_form_1 select.parsley-success {color: #00d084}\n        #mailpoet_form_1 textarea.parsley-success {color: #00d084}\n      \n        #mailpoet_form_1 .mailpoet_validate_error {color: #cf2e2e}\n        #mailpoet_form_1 input.parsley-error {color: #cf2e2e}\n        #mailpoet_form_1 select.parsley-error {color: #cf2e2e}\n        #mailpoet_form_1 textarea.textarea.parsley-error {color: #cf2e2e}\n        #mailpoet_form_1 .parsley-errors-list {color: #cf2e2e}\n        #mailpoet_form_1 .parsley-required {color: #cf2e2e}\n        #mailpoet_form_1 .parsley-custom-error-message {color: #cf2e2e}\n      #mailpoet_form_1 .mailpoet_paragraph.last {margin-bottom: 0} @media (max-width: 500px) {#mailpoet_form_1 {background-image: none;}} @media (min-width: 500px) {#mailpoet_form_1 .last .mailpoet_paragraph:last-child {margin-bottom: 0}}  @media (max-width: 500px) {#mailpoet_form_1 .mailpoet_form_column:last-child .mailpoet_paragraph:last-child {margin-bottom: 0}} \n    <\/style>\n\n    <form\n      target=\"_self\"\n      method=\"post\"\n      action=\"https:\/\/menoscope.fr\/wp-admin\/admin-post.php?action=mailpoet_subscription_form\"\n      class=\"mailpoet_form mailpoet_form_form mailpoet_form_html\"\n      novalidate\n      data-delay=\"\"\n      data-exit-intent-enabled=\"\"\n      data-font-family=\"\"\n      data-cookie-expiration-time=\"\"\n    >\n      <input type=\"hidden\" name=\"data[form_id]\" value=\"1\" \/>\n      <input type=\"hidden\" name=\"token\" value=\"ecedec816b\" \/>\n      <input type=\"hidden\" name=\"api_version\" value=\"v1\" \/>\n      <input type=\"hidden\" name=\"endpoint\" value=\"subscribers\" \/>\n      <input type=\"hidden\" name=\"mailpoet_method\" value=\"subscribe\" \/>\n\n      <label class=\"mailpoet_hp_email_label\" style=\"display: none !important;\">Veuillez laisser ce champ vide<input type=\"email\" name=\"data[email]\"\/><\/label><div class='mailpoet_form_columns_container'><div class=\"mailpoet_form_columns mailpoet_paragraph mailpoet_stack_on_mobile\"><div class=\"mailpoet_form_column\" style=\"flex-basis:67.5%;\"><h2 class=\"mailpoet-heading  mailpoet-has-font-size\" style=\"text-align: left; color: #1b7b80; font-size: 30px; line-height: 1.5\"><span style=\"font-family: Montserrat\" data-font=\"Montserrat\" class=\"mailpoet-has-font\"><strong>Bienvenue chez M\u00e9noscope !<\/strong><\/span><\/h2>\n<p class=\"mailpoet_form_paragraph  mailpoet-has-font-size\" style=\"text-align: left; color: #000000; font-size: 16px; line-height: 1.7\"><strong>Inscrivez-vous \u00e0 notre Newsletter pour ne manquer aucune info sur la (p\u00e9ri)m\u00e9nopause.<\/strong><\/p>\n<p class=\"mailpoet_form_paragraph  mailpoet-has-font-size\" style=\"text-align: left; font-size: 14px; line-height: 1.5\"><em>Promis, nous n\u2019envoyons pas de spam\u00a0! Consultez notre <a href=\"https:\/\/menoscope.fr\/index.php\/politique-de-confidentialite\/\" target=\"_blank\" rel=\"noreferrer noopener\">Politique de confidentialit\u00e9<\/a> pour plus d\u2019informations.<\/em><\/p>\n<\/div>\n<div class=\"mailpoet_form_column mailpoet_vertically_align_bottom\" style=\"flex-basis:32.5%;\"><div class=\"mailpoet_paragraph \"><input type=\"email\" autocomplete=\"email\" class=\"mailpoet_text\" id=\"form_email_1\" name=\"data[form_field_NjFhZjMxMjFkNDEwX2VtYWls]\" title=\"Adresse e-mail\" value=\"\" style=\"width:100%;box-sizing:border-box;background-color:#ffffff;border-style:solid;border-radius:40px !important;border-width:1px;border-color:#313131;padding:15px;margin: 0 auto 0 0;font-family:&#039;Montserrat&#039;;font-size:16px;line-height:1.5;height:auto;\" data-automation-id=\"form_email\"  placeholder=\"Adresse e-mail *\" aria-label=\"Adresse e-mail *\" data-parsley-errors-container=\".mailpoet_error_zwzna\" data-parsley-required=\"true\" required aria-required=\"true\" data-parsley-minlength=\"6\" data-parsley-maxlength=\"150\" data-parsley-type-message=\"Cette valeur doit \u00eatre un e-mail valide.\" data-parsley-required-message=\"Ce champ est n\u00e9cessaire.\"\/><span class=\"mailpoet_error_zwzna\"><\/span><\/div>\n<div class=\"mailpoet_paragraph \"><input type=\"text\" autocomplete=\"given-name\" class=\"mailpoet_text\" id=\"form_first_name_1\" name=\"data[form_field_NTgwMzg3YTlkNmZjX2ZpcnN0X25hbWU=]\" title=\"Pr\u00e9nom\" value=\"\" style=\"width:100%;box-sizing:border-box;background-color:#ffffff;border-style:solid;border-radius:40px !important;border-width:1px;border-color:#313131;padding:15px;margin: 0 auto 0 0;font-family:&#039;Montserrat&#039;;font-size:16px;line-height:1.5;height:auto;\" data-automation-id=\"form_first_name\"  placeholder=\"Pr\u00e9nom *\" aria-label=\"Pr\u00e9nom *\" data-parsley-errors-container=\".mailpoet_error_2e7do\" data-parsley-names='[&quot;Veuillez sp\u00e9cifier un nom valide.&quot;,&quot;Les adresses dans les noms ne sont pas autoris\u00e9es, veuillez ajouter votre nom \u00e0 la place.&quot;]' data-parsley-required=\"true\" required aria-required=\"true\" data-parsley-required-message=\"Ce champ est n\u00e9cessaire.\"\/><span class=\"mailpoet_error_2e7do\"><\/span><\/div>\n<div class=\"mailpoet_paragraph \"><input type=\"submit\" class=\"mailpoet_submit\" value=\"Inscrivez-vous\" data-automation-id=\"subscribe-submit-button\" data-font-family='Montserrat' style=\"width:100%;box-sizing:border-box;background-color:#1b7b80;border-style:solid;border-radius:40px !important;border-width:0px;border-color:#313131;padding:15px;margin: 0 auto 0 0;font-family:&#039;Montserrat&#039;;font-size:16px;line-height:1.5;height:auto;color:#ffffff;font-weight:bold;\" \/><span class=\"mailpoet_form_loading\"><span class=\"mailpoet_bounce1\"><\/span><span class=\"mailpoet_bounce2\"><\/span><span class=\"mailpoet_bounce3\"><\/span><\/span><\/div>\n<\/div>\n<\/div><\/div>\n\n      <div class=\"mailpoet_message\">\n        <p class=\"mailpoet_validate_success\"\n                style=\"display:none;\"\n                >Merci pour votre inscription ! V\u00e9rifiez votre boite de r\u00e9ception ou votre r\u00e9pertoire d\u2019ind\u00e9sirables pour confirmer.\n        <\/p>\n        <p class=\"mailpoet_validate_error\"\n                style=\"display:none;\"\n                >        <\/p>\n      <\/div>\n    <\/form>\n\n      <\/div>\n\n  ","protected":false},"excerpt":{"rendered":"<p>Notre site vous plait ? Vous souhaitez suivre la sortie de nos futurs articles ? Alors inscrivez-vous \u00e0 notre newsletter pour recevoir tous les mois un r\u00e9cap&rsquo; sur nos derni\u00e8res publications !<\/p>\n","protected":false},"author":2,"featured_media":0,"parent":0,"menu_order":0,"comment_status":"closed","ping_status":"closed","template":"","meta":{"footnotes":""},"class_list":["post-423","page","type-page","status-publish","hentry"],"yoast_head":"<!-- This site is optimized with the Yoast SEO plugin v26.5 - https:\/\/yoast.com\/wordpress\/plugins\/seo\/ -->\n<title>Newsletter - M\u00e9noscope<\/title>\n<meta name=\"robots\" content=\"index, follow, max-snippet:-1, max-image-preview:large, max-video-preview:-1\" \/>\n<link rel=\"canonical\" href=\"https:\/\/menoscope.fr\/index.php\/newsletter\/\" \/>\n<meta property=\"og:locale\" content=\"fr_FR\" \/>\n<meta property=\"og:type\" content=\"article\" \/>\n<meta property=\"og:title\" content=\"Newsletter - M\u00e9noscope\" \/>\n<meta property=\"og:description\" content=\"Notre site vous plait ? Vous souhaitez suivre la sortie de nos futurs articles ? Alors inscrivez-vous \u00e0 notre newsletter pour recevoir tous les mois un r\u00e9cap&rsquo; sur nos derni\u00e8res publications !\" \/>\n<meta property=\"og:url\" content=\"https:\/\/menoscope.fr\/index.php\/newsletter\/\" \/>\n<meta property=\"og:site_name\" content=\"M\u00e9noscope\" \/>\n<meta property=\"article:publisher\" content=\"https:\/\/www.facebook.com\/profile.php?id=61556923317110\" \/>\n<meta property=\"article:modified_time\" content=\"2024-03-31T15:37:14+00:00\" \/>\n<meta property=\"og:image\" content=\"https:\/\/menoscope.fr\/wp-content\/uploads\/2024\/02\/cropped-logo-fond-blanc.jpg\" \/>\n\t<meta property=\"og:image:width\" content=\"1323\" \/>\n\t<meta property=\"og:image:height\" content=\"699\" \/>\n\t<meta property=\"og:image:type\" content=\"image\/jpeg\" \/>\n<meta name=\"twitter:card\" content=\"summary_large_image\" \/>\n<meta name=\"twitter:label1\" content=\"Dur\u00e9e de lecture estim\u00e9e\" \/>\n\t<meta name=\"twitter:data1\" content=\"1 minute\" \/>\n<script type=\"application\/ld+json\" class=\"yoast-schema-graph\">{\"@context\":\"https:\/\/schema.org\",\"@graph\":[{\"@type\":\"WebPage\",\"@id\":\"https:\/\/menoscope.fr\/index.php\/newsletter\/\",\"url\":\"https:\/\/menoscope.fr\/index.php\/newsletter\/\",\"name\":\"Newsletter - M\u00e9noscope\",\"isPartOf\":{\"@id\":\"https:\/\/menoscope.fr\/#website\"},\"datePublished\":\"2024-03-31T15:37:13+00:00\",\"dateModified\":\"2024-03-31T15:37:14+00:00\",\"breadcrumb\":{\"@id\":\"https:\/\/menoscope.fr\/index.php\/newsletter\/#breadcrumb\"},\"inLanguage\":\"fr-FR\",\"potentialAction\":[{\"@type\":\"ReadAction\",\"target\":[\"https:\/\/menoscope.fr\/index.php\/newsletter\/\"]}]},{\"@type\":\"BreadcrumbList\",\"@id\":\"https:\/\/menoscope.fr\/index.php\/newsletter\/#breadcrumb\",\"itemListElement\":[{\"@type\":\"ListItem\",\"position\":1,\"name\":\"Accueil\",\"item\":\"https:\/\/menoscope.fr\/\"},{\"@type\":\"ListItem\",\"position\":2,\"name\":\"Newsletter\"}]},{\"@type\":\"WebSite\",\"@id\":\"https:\/\/menoscope.fr\/#website\",\"url\":\"https:\/\/menoscope.fr\/\",\"name\":\"M\u00e9noscope\",\"description\":\"La vie en (p\u00e9ri)m\u00e9nopause\",\"publisher\":{\"@id\":\"https:\/\/menoscope.fr\/#organization\"},\"potentialAction\":[{\"@type\":\"SearchAction\",\"target\":{\"@type\":\"EntryPoint\",\"urlTemplate\":\"https:\/\/menoscope.fr\/?s={search_term_string}\"},\"query-input\":{\"@type\":\"PropertyValueSpecification\",\"valueRequired\":true,\"valueName\":\"search_term_string\"}}],\"inLanguage\":\"fr-FR\"},{\"@type\":\"Organization\",\"@id\":\"https:\/\/menoscope.fr\/#organization\",\"name\":\"M\u00e9noscope\",\"url\":\"https:\/\/menoscope.fr\/\",\"logo\":{\"@type\":\"ImageObject\",\"inLanguage\":\"fr-FR\",\"@id\":\"https:\/\/menoscope.fr\/#\/schema\/logo\/image\/\",\"url\":\"https:\/\/menoscope.fr\/wp-content\/uploads\/2024\/02\/logo-fond-blanc.jpg\",\"contentUrl\":\"https:\/\/menoscope.fr\/wp-content\/uploads\/2024\/02\/logo-fond-blanc.jpg\",\"width\":1325,\"height\":700,\"caption\":\"M\u00e9noscope\"},\"image\":{\"@id\":\"https:\/\/menoscope.fr\/#\/schema\/logo\/image\/\"},\"sameAs\":[\"https:\/\/www.facebook.com\/profile.php?id=61556923317110\",\"https:\/\/www.instagram.com\/menoscopelemag\/\",\"https:\/\/bsky.app\/profile\/menoscope.bsky.social\"]}]}<\/script>\n<!-- \/ Yoast SEO plugin. -->","yoast_head_json":{"title":"Newsletter - M\u00e9noscope","robots":{"index":"index","follow":"follow","max-snippet":"max-snippet:-1","max-image-preview":"max-image-preview:large","max-video-preview":"max-video-preview:-1"},"canonical":"https:\/\/menoscope.fr\/index.php\/newsletter\/","og_locale":"fr_FR","og_type":"article","og_title":"Newsletter - M\u00e9noscope","og_description":"Notre site vous plait ? Vous souhaitez suivre la sortie de nos futurs articles ? Alors inscrivez-vous \u00e0 notre newsletter pour recevoir tous les mois un r\u00e9cap&rsquo; sur nos derni\u00e8res publications !","og_url":"https:\/\/menoscope.fr\/index.php\/newsletter\/","og_site_name":"M\u00e9noscope","article_publisher":"https:\/\/www.facebook.com\/profile.php?id=61556923317110","article_modified_time":"2024-03-31T15:37:14+00:00","og_image":[{"width":1323,"height":699,"url":"https:\/\/menoscope.fr\/wp-content\/uploads\/2024\/02\/cropped-logo-fond-blanc.jpg","type":"image\/jpeg"}],"twitter_card":"summary_large_image","twitter_misc":{"Dur\u00e9e de lecture estim\u00e9e":"1 minute"},"schema":{"@context":"https:\/\/schema.org","@graph":[{"@type":"WebPage","@id":"https:\/\/menoscope.fr\/index.php\/newsletter\/","url":"https:\/\/menoscope.fr\/index.php\/newsletter\/","name":"Newsletter - M\u00e9noscope","isPartOf":{"@id":"https:\/\/menoscope.fr\/#website"},"datePublished":"2024-03-31T15:37:13+00:00","dateModified":"2024-03-31T15:37:14+00:00","breadcrumb":{"@id":"https:\/\/menoscope.fr\/index.php\/newsletter\/#breadcrumb"},"inLanguage":"fr-FR","potentialAction":[{"@type":"ReadAction","target":["https:\/\/menoscope.fr\/index.php\/newsletter\/"]}]},{"@type":"BreadcrumbList","@id":"https:\/\/menoscope.fr\/index.php\/newsletter\/#breadcrumb","itemListElement":[{"@type":"ListItem","position":1,"name":"Accueil","item":"https:\/\/menoscope.fr\/"},{"@type":"ListItem","position":2,"name":"Newsletter"}]},{"@type":"WebSite","@id":"https:\/\/menoscope.fr\/#website","url":"https:\/\/menoscope.fr\/","name":"M\u00e9noscope","description":"La vie en (p\u00e9ri)m\u00e9nopause","publisher":{"@id":"https:\/\/menoscope.fr\/#organization"},"potentialAction":[{"@type":"SearchAction","target":{"@type":"EntryPoint","urlTemplate":"https:\/\/menoscope.fr\/?s={search_term_string}"},"query-input":{"@type":"PropertyValueSpecification","valueRequired":true,"valueName":"search_term_string"}}],"inLanguage":"fr-FR"},{"@type":"Organization","@id":"https:\/\/menoscope.fr\/#organization","name":"M\u00e9noscope","url":"https:\/\/menoscope.fr\/","logo":{"@type":"ImageObject","inLanguage":"fr-FR","@id":"https:\/\/menoscope.fr\/#\/schema\/logo\/image\/","url":"https:\/\/menoscope.fr\/wp-content\/uploads\/2024\/02\/logo-fond-blanc.jpg","contentUrl":"https:\/\/menoscope.fr\/wp-content\/uploads\/2024\/02\/logo-fond-blanc.jpg","width":1325,"height":700,"caption":"M\u00e9noscope"},"image":{"@id":"https:\/\/menoscope.fr\/#\/schema\/logo\/image\/"},"sameAs":["https:\/\/www.facebook.com\/profile.php?id=61556923317110","https:\/\/www.instagram.com\/menoscopelemag\/","https:\/\/bsky.app\/profile\/menoscope.bsky.social"]}]}},"_links":{"self":[{"href":"https:\/\/menoscope.fr\/index.php\/wp-json\/wp\/v2\/pages\/423","targetHints":{"allow":["GET"]}}],"collection":[{"href":"https:\/\/menoscope.fr\/index.php\/wp-json\/wp\/v2\/pages"}],"about":[{"href":"https:\/\/menoscope.fr\/index.php\/wp-json\/wp\/v2\/types\/page"}],"author":[{"embeddable":true,"href":"https:\/\/menoscope.fr\/index.php\/wp-json\/wp\/v2\/users\/2"}],"replies":[{"embeddable":true,"href":"https:\/\/menoscope.fr\/index.php\/wp-json\/wp\/v2\/comments?post=423"}],"version-history":[{"count":2,"href":"https:\/\/menoscope.fr\/index.php\/wp-json\/wp\/v2\/pages\/423\/revisions"}],"predecessor-version":[{"id":425,"href":"https:\/\/menoscope.fr\/index.php\/wp-json\/wp\/v2\/pages\/423\/revisions\/425"}],"wp:attachment":[{"href":"https:\/\/menoscope.fr\/index.php\/wp-json\/wp\/v2\/media?parent=423"}],"curies":[{"name":"wp","href":"https:\/\/api.w.org\/{rel}","templated":true}]}}