{"id":5,"date":"2024-02-20T08:33:32","date_gmt":"2024-02-20T07:33:32","guid":{"rendered":"https:\/\/menoscope.fr\/?page_id=5"},"modified":"2025-04-29T15:41:34","modified_gmt":"2025-04-29T13:41:34","slug":"a-propos","status":"publish","type":"page","link":"https:\/\/menoscope.fr\/index.php\/a-propos\/","title":{"rendered":"\u00c0 propos"},"content":{"rendered":"\n<p>Il \u00e9tait une fois\u2026 le constat surprenant de la pauvret\u00e9 des informations disponibles en fran\u00e7ais et en France au sujet de la p\u00e9rim\u00e9nopause. En cherchant un peu (beaucoup), on trouva d\u2019une part divers comptes anglo-saxons sur Instagram et Facebook et d\u2019autre part, des initiatives fran\u00e7aises r\u00e9centes telles que le collectif <a href=\"https:\/\/allformenopause.fr\/\" target=\"_blank\" rel=\"noreferrer noopener\"><em>All for Menopause<\/em><\/a> (2022).<\/p>\n\n\n\n<p>On eut l\u2019intuition que la France \u00e9tait pr\u00eate \u00e0 lever ce tabou de la sant\u00e9 f\u00e9minine, c\u2019\u00e9tait dans l\u2019air du temps.<\/p>\n\n\n\n<p>Un tr\u00e8s court sondage sur un \u00e9chantillon non repr\u00e9sentatif de proches et d\u2019amis conforta la pr\u00e9somption&nbsp;: le th\u00e8me de la m\u00e9nopause souffre de m\u00e9connaissance, plus marqu\u00e9e chez les hommes. Pour autant, les hommes ne s\u2019en d\u00e9sint\u00e9ressent pas, voire se sentent directement concern\u00e9s.<\/p>\n\n\n\n<p>Pour plus d\u2019informations sur le sondage et ses r\u00e9sultats, voir plus bas.<\/p>\n\n\n\n<p>On avait sous la main une <a href=\"https:\/\/menoscope.fr\/index.php\/lequipe\/\">R\u00e9dac\u2019cheffe, un Macho, une Cheffe cr\u00e9a\u2019<\/a>, d\u2019innombrables manifestations de soutien et d\u2019int\u00e9r\u00eat, des cargos d\u2019id\u00e9es d\u2019articles, d\u2019intervenants, de sujets \u00e0 traiter. M\u00e9noscope \u00e9tait n\u00e9, on esp\u00e8re vraiment qu\u2019il comblera un manque, r\u00e9pondra \u00e0 des interrogations, stimulera la r\u00e9flexion, suscitera des \u00e9changes et fera avancer\u00a0!<\/p>\n\n\n\n<h3 class=\"wp-block-heading\">Tout commence par un sondage sur la m\u00e9nopause :<\/h3>\n\n\n<div class=\"wp-block-image\">\n<figure class=\"alignleft size-full is-resized\"><img fetchpriority=\"high\" decoding=\"async\" width=\"354\" height=\"354\" src=\"http:\/\/menoscope.fr\/wp-content\/uploads\/2024\/02\/Le-sondage-Menoscope.png\" alt=\"Sondage pour le magazine M\u00e9noscope d'information sur la m\u00e9nopause\" class=\"wp-image-217\" style=\"width:335px;height:auto\" srcset=\"https:\/\/menoscope.fr\/wp-content\/uploads\/2024\/02\/Le-sondage-Menoscope.png 354w, https:\/\/menoscope.fr\/wp-content\/uploads\/2024\/02\/Le-sondage-Menoscope-300x300.png 300w, https:\/\/menoscope.fr\/wp-content\/uploads\/2024\/02\/Le-sondage-Menoscope-150x150.png 150w\" sizes=\"(max-width: 354px) 100vw, 354px\" \/><\/figure>\n<\/div>\n\n\n<p style=\"font-size:17px\">Dans le cadre d&rsquo;un projet de communication, nous cherchons \u00e0 obtenir un aper\u00e7u des id\u00e9es g\u00e9n\u00e9rales sur la m\u00e9nopause.<br>Nous vous demandons ici d&rsquo;indiquer trois id\u00e9es positives et trois id\u00e9es n\u00e9gatives que vous avez sur la m\u00e9nopause.<br>Dans le cadre d&rsquo;un projet de communication, nous cherchons \u00e0 obtenir un aper\u00e7u des id\u00e9es g\u00e9n\u00e9rales sur la m\u00e9nopause.<br>Nous vous demandons ici d&rsquo;indiquer trois id\u00e9es positives et trois id\u00e9es n\u00e9gatives que vous avez sur la m\u00e9nopause.<br>Nous aimerions aussi conna\u00eetre votre \u00e2ge et votre genre.<br>Ce questionnaire est compl\u00e8tement anonyme.<br>Merci beaucoup pour votre participation !<\/p>\n\n\n\n<p><strong>Questions<\/strong><\/p>\n\n\n\n<ol class=\"wp-block-list\">\n<li>Trois id\u00e9es <strong>positives<\/strong> sur la m\u00e9nopause<\/li>\n\n\n\n<li>Trois id\u00e9es <strong>n\u00e9gatives<\/strong> sur la m\u00e9nopause<\/li>\n\n\n\n<li>Vous \u00eates&nbsp;: un homme, une femme, autre<\/li>\n\n\n\n<li>Votre \u00e2ge<\/li>\n<\/ol>\n\n\n\n<p>Nombre de r\u00e9ponses\u00a0: 56<\/p>\n\n\n\n<div class=\"wp-block-columns is-layout-flex wp-container-core-columns-is-layout-9d6595d7 wp-block-columns-is-layout-flex\">\n<div class=\"wp-block-column is-layout-flow wp-block-column-is-layout-flow\">\n<figure class=\"wp-block-image size-full is-style-default\"><img decoding=\"async\" width=\"586\" height=\"302\" src=\"http:\/\/menoscope.fr\/wp-content\/uploads\/2024\/02\/Sondage-camembert-genre.png\" alt=\"R\u00e9partition par genre des r\u00e9pondants au sondage M\u00e9noscope\" class=\"wp-image-14\" srcset=\"https:\/\/menoscope.fr\/wp-content\/uploads\/2024\/02\/Sondage-camembert-genre.png 586w, https:\/\/menoscope.fr\/wp-content\/uploads\/2024\/02\/Sondage-camembert-genre-300x155.png 300w\" sizes=\"(max-width: 586px) 100vw, 586px\" \/><\/figure>\n<\/div>\n\n\n\n<div class=\"wp-block-column is-layout-flow wp-block-column-is-layout-flow\">\n<p class=\"has-text-align-right\">Distribution des r\u00e9pondants par \u00e2ge&nbsp;:<\/p>\n\n\n<div class=\"wp-block-image\">\n<figure class=\"alignright size-full\"><img decoding=\"async\" width=\"279\" height=\"212\" src=\"http:\/\/menoscope.fr\/wp-content\/uploads\/2024\/02\/Sondage-distribution-age.png\" alt=\"\" class=\"wp-image-15\"\/><\/figure>\n<\/div><\/div>\n<\/div>\n\n\n\n<p class=\"has-text-color has-link-color has-medium-font-size wp-elements-8166eb2c01cf9afacf66b9fbf267c018\" style=\"color:#1b7b80\"><strong>Synth\u00e8se des r\u00e9sultats envoy\u00e9e aux participants<\/strong><\/p>\n\n\n\n<p>Ce sondage qui n\u2019a aucune valeur scientifique ne s\u2019en est pas moins r\u00e9v\u00e9l\u00e9 tr\u00e8s riche d\u2019enseignements&nbsp;!<\/p>\n\n\n\n<h3 class=\"wp-block-heading\">Les hommes se sentent concern\u00e9s par la m\u00e9nopause<\/h3>\n\n\n\n<p>Nous nous attendions \u00e0 recevoir tr\u00e8s peu de r\u00e9ponses d\u2019hommes. D\u2019abord du fait de nos propres pr\u00e9jug\u00e9s, ensuite parce que plusieurs femmes \u00e0 qui nous avons sugg\u00e9r\u00e9 de transmettre le sondage \u00e0 leur conjoint ont r\u00e9pondu que bof, \u00e7a n\u2019allait pas l\u2019int\u00e9resser, il ne se sentirait pas concern\u00e9, et toute cette sorte de chose.<\/p>\n\n\n\n<p>Or l\u2019immense majorit\u00e9 des hommes que nous avons sollicit\u00e9s directement a r\u00e9pondu tr\u00e8s volontiers.<\/p>\n\n\n\n<h3 class=\"wp-block-heading\">Vari\u00e9t\u00e9 des perceptions<\/h3>\n\n\n\n<p>Les questions \u00e9taient volontairement ouvertes et les r\u00e9ponses refl\u00e8tent soit une exp\u00e9rience manifestement v\u00e9cue, soit des id\u00e9es pr\u00e9con\u00e7ues.<\/p>\n\n\n\n<p>Certains r\u00e9pondants ont dit avoir eu du mal \u00e0 trouver des id\u00e9es positives et d\u2019autres, des id\u00e9es n\u00e9gatives.<\/p>\n\n\n\n<h3 class=\"wp-block-heading\">Des r\u00e9ponses inattendues<\/h3>\n\n\n\n<p>Pas mal de r\u00e9ponses positives autour de la sexualit\u00e9, dont une indiquant une bien meilleure libido.<\/p>\n\n\n\n<h3 class=\"wp-block-heading\">Et d\u2019autres, plut\u00f4t attendues<\/h3>\n\n\n\n<p>Dans les \ud83d\ude0a\u00a0: \u00ab\u00a0lib\u00e9ration\u00a0\u00bb des r\u00e8gles et de leur cort\u00e8ge de pr\u00e9cautions logistiques et de maux multiples, de la contraception, de la procr\u00e9ation<\/p>\n\n\n\n<p>Dans les <strong>\ud83d\ude12<\/strong>\u00a0: sympt\u00f4mes physiques (des bouff\u00e9es de chaleur \u00e0 la pilosit\u00e9 du visage en passant par la prise de poids) et perte de f\u00e9minit\u00e9 (ressentie par les femmes ou per\u00e7ue dans le regard des hommes)<\/p>\n\n\n\n<p>Ces r\u00e9ponses franches et \u00e9toff\u00e9es ont confirm\u00e9 certaines de nos intuitions, par exemple le th\u00e8me de la m\u00e9nopause souffre de m\u00e9connaissance, plus marqu\u00e9e chez les hommes&nbsp;; et pour autant, les hommes ne s\u2019en d\u00e9sint\u00e9ressent pas, voire se sentent directement concern\u00e9s.<\/p>\n\n\n\n<p>Encore une fois, ce sondage n\u2019a pas \u00e9t\u00e9 r\u00e9alis\u00e9 ni interpr\u00e9t\u00e9 de mani\u00e8re scientifique, toutefois ses r\u00e9sultats justifient, \u00e0 nos yeux, de donner vie au projet qui l\u2019a motiv\u00e9.<\/p>\n\n\n\n<p>Dans quelque temps, nous vous pr\u00e9senterons M\u00c9NOSCOPE, un magazine d\u2019information clair, fiable et sans tabou sur l\u2019\u00e9trange aventure de la m\u00e9nopause, pour que les femmes et les hommes qui s\u2019y trouvent embarqu\u00e9s comprennent un peu mieux ce qui les attend et ce qu\u2019ils traversent. Vous y trouverez par exemple des articles de vulgarisation scientifique sur les traitements m\u00e9dicaux, des conseils de nutrition et d\u2019activit\u00e9 physique adapt\u00e9s \u00e0 tous les modes de vie, une rubrique sexualit\u00e9, des t\u00e9moignages ou encore la chronique du m\u00e2le alpha<a href=\"#_edn1\" id=\"_ednref1\">[i]<\/a>, le conjoint que personne n\u2019avait pr\u00e9venu de ce qui l\u2019attendait.<\/p>\n\n\n\n<hr class=\"wp-block-separator has-alpha-channel-opacity\"\/>\n\n\n\n<p><a id=\"_edn1\" href=\"#_ednref1\">[i]<\/a> Devenue l\u2019<a href=\"https:\/\/menoscope.fr\/index.php\/category\/temoignages\/edito-du-macho\/\">\u00c9dito du Macho<\/a>, pour plein de raisons qu\u2019il expliquera tr\u00e8s bien, ne passez pas \u00e0 c\u00f4t\u00e9\u00a0!<\/p>\n","protected":false},"excerpt":{"rendered":"<p>Il \u00e9tait une fois\u2026 le constat surprenant de la pauvret\u00e9 des informations disponibles en fran\u00e7ais et en France au sujet de la p\u00e9rim\u00e9nopause. En cherchant un peu (beaucoup), on trouva d\u2019une part divers comptes anglo-saxons sur Instagram et Facebook et d\u2019autre part, des initiatives fran\u00e7aises r\u00e9centes telles que le collectif All for Menopause (2022). On [&hellip;]<\/p>\n","protected":false},"author":1,"featured_media":0,"parent":0,"menu_order":0,"comment_status":"closed","ping_status":"closed","template":"","meta":{"footnotes":""},"class_list":["post-5","page","type-page","status-publish","hentry"],"yoast_head":"<!-- This site is optimized with the Yoast SEO plugin v26.5 - https:\/\/yoast.com\/wordpress\/plugins\/seo\/ -->\n<title>Cr\u00e9ation du magazine M\u00e9noscope | La vie en (p\u00e9ri)m\u00e9nopause<\/title>\n<meta name=\"description\" content=\"R\u00e9cit de l&#039;origine de la cr\u00e9ation du magazine M\u00e9noscope d&#039;information sur la m\u00e9nopause et la p\u00e9rim\u00e9nopause et r\u00e9sultats du sondage.\" \/>\n<meta name=\"robots\" content=\"index, follow, max-snippet:-1, max-image-preview:large, max-video-preview:-1\" \/>\n<link rel=\"canonical\" href=\"https:\/\/menoscope.fr\/index.php\/a-propos\/\" \/>\n<meta property=\"og:locale\" content=\"fr_FR\" \/>\n<meta property=\"og:type\" content=\"article\" \/>\n<meta property=\"og:title\" content=\"Cr\u00e9ation du magazine M\u00e9noscope | La vie en (p\u00e9ri)m\u00e9nopause\" \/>\n<meta property=\"og:description\" content=\"R\u00e9cit de l&#039;origine de la cr\u00e9ation du magazine M\u00e9noscope d&#039;information sur la m\u00e9nopause et la p\u00e9rim\u00e9nopause et r\u00e9sultats du sondage.\" \/>\n<meta property=\"og:url\" content=\"https:\/\/menoscope.fr\/index.php\/a-propos\/\" \/>\n<meta property=\"og:site_name\" content=\"M\u00e9noscope\" \/>\n<meta property=\"article:publisher\" content=\"https:\/\/www.facebook.com\/profile.php?id=61556923317110\" \/>\n<meta property=\"article:modified_time\" content=\"2025-04-29T13:41:34+00:00\" \/>\n<meta property=\"og:image\" content=\"https:\/\/menoscope.fr\/wp-content\/uploads\/2024\/02\/Le-sondage-Menoscope.png\" \/>\n\t<meta property=\"og:image:width\" content=\"354\" \/>\n\t<meta property=\"og:image:height\" content=\"354\" \/>\n\t<meta property=\"og:image:type\" content=\"image\/png\" \/>\n<meta name=\"twitter:card\" content=\"summary_large_image\" \/>\n<meta name=\"twitter:label1\" content=\"Dur\u00e9e de lecture estim\u00e9e\" \/>\n\t<meta name=\"twitter:data1\" content=\"5 minutes\" \/>\n<script type=\"application\/ld+json\" class=\"yoast-schema-graph\">{\"@context\":\"https:\/\/schema.org\",\"@graph\":[{\"@type\":\"WebPage\",\"@id\":\"https:\/\/menoscope.fr\/index.php\/a-propos\/\",\"url\":\"https:\/\/menoscope.fr\/index.php\/a-propos\/\",\"name\":\"Cr\u00e9ation du magazine M\u00e9noscope | La vie en (p\u00e9ri)m\u00e9nopause\",\"isPartOf\":{\"@id\":\"https:\/\/menoscope.fr\/#website\"},\"primaryImageOfPage\":{\"@id\":\"https:\/\/menoscope.fr\/index.php\/a-propos\/#primaryimage\"},\"image\":{\"@id\":\"https:\/\/menoscope.fr\/index.php\/a-propos\/#primaryimage\"},\"thumbnailUrl\":\"http:\/\/menoscope.fr\/wp-content\/uploads\/2024\/02\/Le-sondage-Menoscope.png\",\"datePublished\":\"2024-02-20T07:33:32+00:00\",\"dateModified\":\"2025-04-29T13:41:34+00:00\",\"description\":\"R\u00e9cit de l'origine de la cr\u00e9ation du magazine M\u00e9noscope d'information sur la m\u00e9nopause et la p\u00e9rim\u00e9nopause et r\u00e9sultats du sondage.\",\"breadcrumb\":{\"@id\":\"https:\/\/menoscope.fr\/index.php\/a-propos\/#breadcrumb\"},\"inLanguage\":\"fr-FR\",\"potentialAction\":[{\"@type\":\"ReadAction\",\"target\":[\"https:\/\/menoscope.fr\/index.php\/a-propos\/\"]}]},{\"@type\":\"ImageObject\",\"inLanguage\":\"fr-FR\",\"@id\":\"https:\/\/menoscope.fr\/index.php\/a-propos\/#primaryimage\",\"url\":\"https:\/\/menoscope.fr\/wp-content\/uploads\/2024\/02\/Le-sondage-Menoscope.png\",\"contentUrl\":\"https:\/\/menoscope.fr\/wp-content\/uploads\/2024\/02\/Le-sondage-Menoscope.png\",\"width\":354,\"height\":354,\"caption\":\"Sondage pour le magazine M\u00e9noscope d'information sur la m\u00e9nopause\"},{\"@type\":\"BreadcrumbList\",\"@id\":\"https:\/\/menoscope.fr\/index.php\/a-propos\/#breadcrumb\",\"itemListElement\":[{\"@type\":\"ListItem\",\"position\":1,\"name\":\"Accueil\",\"item\":\"https:\/\/menoscope.fr\/\"},{\"@type\":\"ListItem\",\"position\":2,\"name\":\"\u00c0 propos\"}]},{\"@type\":\"WebSite\",\"@id\":\"https:\/\/menoscope.fr\/#website\",\"url\":\"https:\/\/menoscope.fr\/\",\"name\":\"M\u00e9noscope\",\"description\":\"La vie en (p\u00e9ri)m\u00e9nopause\",\"publisher\":{\"@id\":\"https:\/\/menoscope.fr\/#organization\"},\"potentialAction\":[{\"@type\":\"SearchAction\",\"target\":{\"@type\":\"EntryPoint\",\"urlTemplate\":\"https:\/\/menoscope.fr\/?s={search_term_string}\"},\"query-input\":{\"@type\":\"PropertyValueSpecification\",\"valueRequired\":true,\"valueName\":\"search_term_string\"}}],\"inLanguage\":\"fr-FR\"},{\"@type\":\"Organization\",\"@id\":\"https:\/\/menoscope.fr\/#organization\",\"name\":\"M\u00e9noscope\",\"url\":\"https:\/\/menoscope.fr\/\",\"logo\":{\"@type\":\"ImageObject\",\"inLanguage\":\"fr-FR\",\"@id\":\"https:\/\/menoscope.fr\/#\/schema\/logo\/image\/\",\"url\":\"https:\/\/menoscope.fr\/wp-content\/uploads\/2024\/02\/logo-fond-blanc.jpg\",\"contentUrl\":\"https:\/\/menoscope.fr\/wp-content\/uploads\/2024\/02\/logo-fond-blanc.jpg\",\"width\":1325,\"height\":700,\"caption\":\"M\u00e9noscope\"},\"image\":{\"@id\":\"https:\/\/menoscope.fr\/#\/schema\/logo\/image\/\"},\"sameAs\":[\"https:\/\/www.facebook.com\/profile.php?id=61556923317110\",\"https:\/\/www.instagram.com\/menoscopelemag\/\",\"https:\/\/bsky.app\/profile\/menoscope.bsky.social\"]}]}<\/script>\n<!-- \/ Yoast SEO plugin. -->","yoast_head_json":{"title":"Cr\u00e9ation du magazine M\u00e9noscope | La vie en (p\u00e9ri)m\u00e9nopause","description":"R\u00e9cit de l'origine de la cr\u00e9ation du magazine M\u00e9noscope d'information sur la m\u00e9nopause et la p\u00e9rim\u00e9nopause et r\u00e9sultats du sondage.","robots":{"index":"index","follow":"follow","max-snippet":"max-snippet:-1","max-image-preview":"max-image-preview:large","max-video-preview":"max-video-preview:-1"},"canonical":"https:\/\/menoscope.fr\/index.php\/a-propos\/","og_locale":"fr_FR","og_type":"article","og_title":"Cr\u00e9ation du magazine M\u00e9noscope | La vie en (p\u00e9ri)m\u00e9nopause","og_description":"R\u00e9cit de l'origine de la cr\u00e9ation du magazine M\u00e9noscope d'information sur la m\u00e9nopause et la p\u00e9rim\u00e9nopause et r\u00e9sultats du sondage.","og_url":"https:\/\/menoscope.fr\/index.php\/a-propos\/","og_site_name":"M\u00e9noscope","article_publisher":"https:\/\/www.facebook.com\/profile.php?id=61556923317110","article_modified_time":"2025-04-29T13:41:34+00:00","og_image":[{"width":354,"height":354,"url":"https:\/\/menoscope.fr\/wp-content\/uploads\/2024\/02\/Le-sondage-Menoscope.png","type":"image\/png"}],"twitter_card":"summary_large_image","twitter_misc":{"Dur\u00e9e de lecture estim\u00e9e":"5 minutes"},"schema":{"@context":"https:\/\/schema.org","@graph":[{"@type":"WebPage","@id":"https:\/\/menoscope.fr\/index.php\/a-propos\/","url":"https:\/\/menoscope.fr\/index.php\/a-propos\/","name":"Cr\u00e9ation du magazine M\u00e9noscope | La vie en (p\u00e9ri)m\u00e9nopause","isPartOf":{"@id":"https:\/\/menoscope.fr\/#website"},"primaryImageOfPage":{"@id":"https:\/\/menoscope.fr\/index.php\/a-propos\/#primaryimage"},"image":{"@id":"https:\/\/menoscope.fr\/index.php\/a-propos\/#primaryimage"},"thumbnailUrl":"http:\/\/menoscope.fr\/wp-content\/uploads\/2024\/02\/Le-sondage-Menoscope.png","datePublished":"2024-02-20T07:33:32+00:00","dateModified":"2025-04-29T13:41:34+00:00","description":"R\u00e9cit de l'origine de la cr\u00e9ation du magazine M\u00e9noscope d'information sur la m\u00e9nopause et la p\u00e9rim\u00e9nopause et r\u00e9sultats du sondage.","breadcrumb":{"@id":"https:\/\/menoscope.fr\/index.php\/a-propos\/#breadcrumb"},"inLanguage":"fr-FR","potentialAction":[{"@type":"ReadAction","target":["https:\/\/menoscope.fr\/index.php\/a-propos\/"]}]},{"@type":"ImageObject","inLanguage":"fr-FR","@id":"https:\/\/menoscope.fr\/index.php\/a-propos\/#primaryimage","url":"https:\/\/menoscope.fr\/wp-content\/uploads\/2024\/02\/Le-sondage-Menoscope.png","contentUrl":"https:\/\/menoscope.fr\/wp-content\/uploads\/2024\/02\/Le-sondage-Menoscope.png","width":354,"height":354,"caption":"Sondage pour le magazine M\u00e9noscope d'information sur la m\u00e9nopause"},{"@type":"BreadcrumbList","@id":"https:\/\/menoscope.fr\/index.php\/a-propos\/#breadcrumb","itemListElement":[{"@type":"ListItem","position":1,"name":"Accueil","item":"https:\/\/menoscope.fr\/"},{"@type":"ListItem","position":2,"name":"\u00c0 propos"}]},{"@type":"WebSite","@id":"https:\/\/menoscope.fr\/#website","url":"https:\/\/menoscope.fr\/","name":"M\u00e9noscope","description":"La vie en (p\u00e9ri)m\u00e9nopause","publisher":{"@id":"https:\/\/menoscope.fr\/#organization"},"potentialAction":[{"@type":"SearchAction","target":{"@type":"EntryPoint","urlTemplate":"https:\/\/menoscope.fr\/?s={search_term_string}"},"query-input":{"@type":"PropertyValueSpecification","valueRequired":true,"valueName":"search_term_string"}}],"inLanguage":"fr-FR"},{"@type":"Organization","@id":"https:\/\/menoscope.fr\/#organization","name":"M\u00e9noscope","url":"https:\/\/menoscope.fr\/","logo":{"@type":"ImageObject","inLanguage":"fr-FR","@id":"https:\/\/menoscope.fr\/#\/schema\/logo\/image\/","url":"https:\/\/menoscope.fr\/wp-content\/uploads\/2024\/02\/logo-fond-blanc.jpg","contentUrl":"https:\/\/menoscope.fr\/wp-content\/uploads\/2024\/02\/logo-fond-blanc.jpg","width":1325,"height":700,"caption":"M\u00e9noscope"},"image":{"@id":"https:\/\/menoscope.fr\/#\/schema\/logo\/image\/"},"sameAs":["https:\/\/www.facebook.com\/profile.php?id=61556923317110","https:\/\/www.instagram.com\/menoscopelemag\/","https:\/\/bsky.app\/profile\/menoscope.bsky.social"]}]}},"_links":{"self":[{"href":"https:\/\/menoscope.fr\/index.php\/wp-json\/wp\/v2\/pages\/5","targetHints":{"allow":["GET"]}}],"collection":[{"href":"https:\/\/menoscope.fr\/index.php\/wp-json\/wp\/v2\/pages"}],"about":[{"href":"https:\/\/menoscope.fr\/index.php\/wp-json\/wp\/v2\/types\/page"}],"author":[{"embeddable":true,"href":"https:\/\/menoscope.fr\/index.php\/wp-json\/wp\/v2\/users\/1"}],"replies":[{"embeddable":true,"href":"https:\/\/menoscope.fr\/index.php\/wp-json\/wp\/v2\/comments?post=5"}],"version-history":[{"count":5,"href":"https:\/\/menoscope.fr\/index.php\/wp-json\/wp\/v2\/pages\/5\/revisions"}],"predecessor-version":[{"id":368,"href":"https:\/\/menoscope.fr\/index.php\/wp-json\/wp\/v2\/pages\/5\/revisions\/368"}],"wp:attachment":[{"href":"https:\/\/menoscope.fr\/index.php\/wp-json\/wp\/v2\/media?parent=5"}],"curies":[{"name":"wp","href":"https:\/\/api.w.org\/{rel}","templated":true}]}}