{"id":8,"date":"2024-02-20T08:42:13","date_gmt":"2024-02-20T07:42:13","guid":{"rendered":"https:\/\/menoscope.fr\/?page_id=8"},"modified":"2024-05-16T21:39:25","modified_gmt":"2024-05-16T19:39:25","slug":"lequipe","status":"publish","type":"page","link":"https:\/\/menoscope.fr\/index.php\/a-propos\/lequipe\/","title":{"rendered":"L\u2019\u00e9quipe"},"content":{"rendered":"\n<div class=\"wp-block-columns is-layout-flex wp-container-core-columns-is-layout-9d6595d7 wp-block-columns-is-layout-flex\">\n<div class=\"wp-block-column is-layout-flow wp-block-column-is-layout-flow\">\n<figure class=\"wp-block-image size-large is-resized is-style-rounded\"><img fetchpriority=\"high\" decoding=\"async\" width=\"1245\" height=\"1245\" src=\"https:\/\/menoscope.fr\/wp-content\/uploads\/2024\/02\/Redaccheffe-edited.jpg\" alt=\"\" class=\"wp-image-62\" style=\"width:270px\" srcset=\"https:\/\/menoscope.fr\/wp-content\/uploads\/2024\/02\/Redaccheffe-edited.jpg 1245w, https:\/\/menoscope.fr\/wp-content\/uploads\/2024\/02\/Redaccheffe-edited-300x300.jpg 300w, https:\/\/menoscope.fr\/wp-content\/uploads\/2024\/02\/Redaccheffe-edited-1024x1024.jpg 1024w, https:\/\/menoscope.fr\/wp-content\/uploads\/2024\/02\/Redaccheffe-edited-150x150.jpg 150w, https:\/\/menoscope.fr\/wp-content\/uploads\/2024\/02\/Redaccheffe-edited-768x768.jpg 768w\" sizes=\"(max-width: 1245px) 100vw, 1245px\" \/><\/figure>\n\n\n\n<h4 class=\"wp-block-heading has-text-align-center\">Sophie Dinh-Ichac<\/h4>\n\n\n\n<h3 class=\"wp-block-heading has-text-align-center\">La R\u00e9dac&rsquo; cheffe<\/h3>\n\n\n\n<p>Traductrice m\u00e9dicale au travail, quinquag\u00e9naire \u00e0 la ville \u2013 ou plut\u00f4t \u00e0 la campagne \u2013 Sophie d\u00e9couvre avec une stupeur qui ne s\u2019\u00e9mousse pas la myriade de sympt\u00f4mes de la p\u00e9rim\u00e9nopause.<\/p>\n\n\n\n<p>D\u00e9bordante d\u2019\u00e9nergie, elle a lanc\u00e9 le projet fou de M\u00e9noscope pour contribuer \u00e0 informer sur ces sujets encore tabous, avec clart\u00e9 et bon sens.<\/p>\n\n\n\n<p>Ses comp\u00e9tences r\u00e9dactionnelles ne sont plus \u00e0 d\u00e9montrer, le v\u00e9ritable d\u00e9fi est ailleurs&nbsp;: cr\u00e9er un magazine de toutes pi\u00e8ces, d\u2019abord sur Internet, puis en version imprim\u00e9e, c\u2019est quelque chose de totalement nouveau. Peu importe, Sophie aime, de temps en temps, r\u00e9inventer la roue pour lui donner une forme et des propri\u00e9t\u00e9s in\u00e9dites.<\/p>\n\n\n\n<figure class=\"wp-block-embed is-type-video is-provider-youtube wp-block-embed-youtube wp-embed-aspect-4-3 wp-has-aspect-ratio\"><div class=\"wp-block-embed__wrapper\">\n<iframe title=\"Sophie, r\u00e9dac\u2019 cheffe de M\u00e9noscope\" width=\"640\" height=\"480\" src=\"https:\/\/www.youtube.com\/embed\/jG0zz-zRj7Q?feature=oembed\" frameborder=\"0\" allow=\"accelerometer; autoplay; clipboard-write; encrypted-media; gyroscope; picture-in-picture; web-share\" referrerpolicy=\"strict-origin-when-cross-origin\" allowfullscreen><\/iframe>\n<\/div><\/figure>\n<\/div>\n\n\n\n<div class=\"wp-block-column is-layout-flow wp-block-column-is-layout-flow\">\n<figure class=\"wp-block-image size-full is-resized is-style-rounded\"><img decoding=\"async\" width=\"270\" height=\"270\" src=\"http:\/\/menoscope.fr\/wp-content\/uploads\/2024\/02\/Macho.jpg\" alt=\"\" class=\"wp-image-11\" style=\"width:270px\" srcset=\"https:\/\/menoscope.fr\/wp-content\/uploads\/2024\/02\/Macho.jpg 270w, https:\/\/menoscope.fr\/wp-content\/uploads\/2024\/02\/Macho-150x150.jpg 150w\" sizes=\"(max-width: 270px) 100vw, 270px\" \/><\/figure>\n\n\n\n<h4 class=\"wp-block-heading has-text-align-center\">Stephan Ichac<\/h4>\n\n\n\n<h3 class=\"wp-block-heading has-text-align-center\">Le Macho<\/h3>\n\n\n\n<p>Cadre sup\u00e9rieur dans une multinationale am\u00e9ricaine (<em>during business hours<\/em>), jeune mari\u00e9 sexag\u00e9naire, deux tiers rat des villes, un tiers rat des champs, pris de plein fouet dans la tourmente de la p\u00e9rim\u00e9nopause de son amoureuse et des pr\u00e9mices de sa propre andropause.<\/p>\n\n\n\n<p>Amoureux des sports de plein air et de pleine eau, aspir\u00e9 par le projet passionnant du M\u00e9noscope, je vais endosser le r\u00f4le (de composition) du pur produit de ce que je suis \u2013 un <em>baby boomer<\/em> des ann\u00e9es 60 \u2013 et parler avec humour, j\u2019esp\u00e8re, de ce sujet br\u00fblant. Avec l\u2019<a href=\"https:\/\/menoscope.fr\/index.php\/category\/temoignages\/edito-du-macho\/\">\u00c9dito du Macho<\/a>, je veux participer \u00e0 sensibiliser les hommes, mes confr\u00e8res, \u00e0 ce sujet qui nous concerne tant, nous et nos aim\u00e9es, et dont on parle si peu, que ce soit en famille ou entre nous (Les Potes), et encore moins en priv\u00e9.<\/p>\n\n\n\n<figure class=\"wp-block-embed is-type-video is-provider-youtube wp-block-embed-youtube wp-embed-aspect-4-3 wp-has-aspect-ratio\"><div class=\"wp-block-embed__wrapper\">\n<iframe title=\"Stephan, \u00e9ditorialiste de M\u00e9noscope\" width=\"640\" height=\"480\" src=\"https:\/\/www.youtube.com\/embed\/TofKoLW3CtI?feature=oembed\" frameborder=\"0\" allow=\"accelerometer; autoplay; clipboard-write; encrypted-media; gyroscope; picture-in-picture; web-share\" referrerpolicy=\"strict-origin-when-cross-origin\" allowfullscreen><\/iframe>\n<\/div><\/figure>\n<\/div>\n\n\n\n<div class=\"wp-block-column is-layout-flow wp-block-column-is-layout-flow\">\n<figure class=\"wp-block-image size-full is-resized is-style-rounded\"><img decoding=\"async\" width=\"687\" height=\"687\" src=\"https:\/\/menoscope.fr\/wp-content\/uploads\/2024\/02\/Cheffe-crea-edited.jpg\" alt=\"\" class=\"wp-image-61\" style=\"width:270px\" srcset=\"https:\/\/menoscope.fr\/wp-content\/uploads\/2024\/02\/Cheffe-crea-edited.jpg 687w, https:\/\/menoscope.fr\/wp-content\/uploads\/2024\/02\/Cheffe-crea-edited-300x300.jpg 300w, https:\/\/menoscope.fr\/wp-content\/uploads\/2024\/02\/Cheffe-crea-edited-150x150.jpg 150w\" sizes=\"(max-width: 687px) 100vw, 687px\" \/><\/figure>\n\n\n\n<h4 class=\"wp-block-heading has-text-align-center\">D\u00e9borah Gal <\/h4>\n\n\n\n<h3 class=\"wp-block-heading has-text-align-center\">La Cheffe cr\u00e9a&rsquo;<\/h3>\n\n\n\n<p>Globe-trotteuse parfois solo et f\u00e9ministe de c\u0153ur, D\u00e9borah n\u2019aime pas se sentir limit\u00e9e par le fait d\u2019\u00eatre une femme. Or, m\u00e9conna\u00eetre son corps nous limite \u00e9norm\u00e9ment ! C\u2019est pourquoi elle mobilise son talent artistique et ses comp\u00e9tences de communication dans le projet M\u00e9noscope, avec l\u2019objectif d\u2019aider chaque femme \u00e0 mieux se comprendre et \u00e0 s\u2019approprier son corps.<br><br>Trentenaire, elle a personnellement souffert du tabou qui entoure les r\u00e8gles, d\u00e9couvrant \u00ab&nbsp;sur le tas&nbsp;\u00bb cet aspect de la f\u00e9minit\u00e9. Aujourd\u2019hui, elle ne connait de la m\u00e9nopause que les plaintes de ses coll\u00e8gues sur les bouff\u00e9es de chaleur. C\u2019est donc avec grand int\u00e9r\u00eat qu\u2019elle explore ce sujet encore trop m\u00e9connu, pour se pr\u00e9parer \u00e0 cette future exp\u00e9rience de vie.<\/p>\n\n\n\n<figure class=\"wp-block-embed is-type-video is-provider-youtube wp-block-embed-youtube wp-embed-aspect-4-3 wp-has-aspect-ratio\"><div class=\"wp-block-embed__wrapper\">\n<iframe title=\"D\u00e9borah, cheffe cr\u00e9a&#039; de M\u00e9noscope\" width=\"640\" height=\"480\" src=\"https:\/\/www.youtube.com\/embed\/ZOzyD3c23AE?feature=oembed\" frameborder=\"0\" allow=\"accelerometer; autoplay; clipboard-write; encrypted-media; gyroscope; picture-in-picture; web-share\" referrerpolicy=\"strict-origin-when-cross-origin\" allowfullscreen><\/iframe>\n<\/div><\/figure>\n<\/div>\n<\/div>\n","protected":false},"excerpt":{"rendered":"<p>Sophie Dinh-Ichac La R\u00e9dac&rsquo; cheffe Traductrice m\u00e9dicale au travail, quinquag\u00e9naire \u00e0 la ville \u2013 ou plut\u00f4t \u00e0 la campagne \u2013 Sophie d\u00e9couvre avec une stupeur qui ne s\u2019\u00e9mousse pas la myriade de sympt\u00f4mes de la p\u00e9rim\u00e9nopause. D\u00e9bordante d\u2019\u00e9nergie, elle a lanc\u00e9 le projet fou de M\u00e9noscope pour contribuer \u00e0 informer sur ces sujets encore tabous, [&hellip;]<\/p>\n","protected":false},"author":1,"featured_media":0,"parent":5,"menu_order":0,"comment_status":"closed","ping_status":"closed","template":"","meta":{"footnotes":""},"class_list":["post-8","page","type-page","status-publish","hentry"],"yoast_head":"<!-- This site is optimized with the Yoast SEO plugin v26.5 - https:\/\/yoast.com\/wordpress\/plugins\/seo\/ -->\n<title>L\u2019\u00e9quipe - M\u00e9noscope<\/title>\n<meta name=\"robots\" content=\"index, follow, max-snippet:-1, max-image-preview:large, max-video-preview:-1\" \/>\n<link rel=\"canonical\" href=\"https:\/\/menoscope.fr\/index.php\/a-propos\/lequipe\/\" \/>\n<meta property=\"og:locale\" content=\"fr_FR\" \/>\n<meta property=\"og:type\" content=\"article\" \/>\n<meta property=\"og:title\" content=\"L\u2019\u00e9quipe - M\u00e9noscope\" \/>\n<meta property=\"og:description\" content=\"Sophie Dinh-Ichac La R\u00e9dac&rsquo; cheffe Traductrice m\u00e9dicale au travail, quinquag\u00e9naire \u00e0 la ville \u2013 ou plut\u00f4t \u00e0 la campagne \u2013 Sophie d\u00e9couvre avec une stupeur qui ne s\u2019\u00e9mousse pas la myriade de sympt\u00f4mes de la p\u00e9rim\u00e9nopause. D\u00e9bordante d\u2019\u00e9nergie, elle a lanc\u00e9 le projet fou de M\u00e9noscope pour contribuer \u00e0 informer sur ces sujets encore tabous, [&hellip;]\" \/>\n<meta property=\"og:url\" content=\"https:\/\/menoscope.fr\/index.php\/a-propos\/lequipe\/\" \/>\n<meta property=\"og:site_name\" content=\"M\u00e9noscope\" \/>\n<meta property=\"article:publisher\" content=\"https:\/\/www.facebook.com\/profile.php?id=61556923317110\" \/>\n<meta property=\"article:modified_time\" content=\"2024-05-16T19:39:25+00:00\" \/>\n<meta property=\"og:image\" content=\"http:\/\/menoscope.fr\/wp-content\/uploads\/2024\/02\/Macho.jpg\" \/>\n<meta name=\"twitter:card\" content=\"summary_large_image\" \/>\n<meta name=\"twitter:label1\" content=\"Dur\u00e9e de lecture estim\u00e9e\" \/>\n\t<meta name=\"twitter:data1\" content=\"5 minutes\" \/>\n<script type=\"application\/ld+json\" class=\"yoast-schema-graph\">{\"@context\":\"https:\/\/schema.org\",\"@graph\":[{\"@type\":\"WebPage\",\"@id\":\"https:\/\/menoscope.fr\/index.php\/a-propos\/lequipe\/\",\"url\":\"https:\/\/menoscope.fr\/index.php\/a-propos\/lequipe\/\",\"name\":\"L\u2019\u00e9quipe - M\u00e9noscope\",\"isPartOf\":{\"@id\":\"https:\/\/menoscope.fr\/#website\"},\"primaryImageOfPage\":{\"@id\":\"https:\/\/menoscope.fr\/index.php\/a-propos\/lequipe\/#primaryimage\"},\"image\":{\"@id\":\"https:\/\/menoscope.fr\/index.php\/a-propos\/lequipe\/#primaryimage\"},\"thumbnailUrl\":\"http:\/\/menoscope.fr\/wp-content\/uploads\/2024\/02\/Macho.jpg\",\"datePublished\":\"2024-02-20T07:42:13+00:00\",\"dateModified\":\"2024-05-16T19:39:25+00:00\",\"breadcrumb\":{\"@id\":\"https:\/\/menoscope.fr\/index.php\/a-propos\/lequipe\/#breadcrumb\"},\"inLanguage\":\"fr-FR\",\"potentialAction\":[{\"@type\":\"ReadAction\",\"target\":[\"https:\/\/menoscope.fr\/index.php\/a-propos\/lequipe\/\"]}]},{\"@type\":\"ImageObject\",\"inLanguage\":\"fr-FR\",\"@id\":\"https:\/\/menoscope.fr\/index.php\/a-propos\/lequipe\/#primaryimage\",\"url\":\"https:\/\/menoscope.fr\/wp-content\/uploads\/2024\/02\/Macho.jpg\",\"contentUrl\":\"https:\/\/menoscope.fr\/wp-content\/uploads\/2024\/02\/Macho.jpg\",\"width\":270,\"height\":270,\"caption\":\"Macho de M\u00e9noscope\"},{\"@type\":\"BreadcrumbList\",\"@id\":\"https:\/\/menoscope.fr\/index.php\/a-propos\/lequipe\/#breadcrumb\",\"itemListElement\":[{\"@type\":\"ListItem\",\"position\":1,\"name\":\"Accueil\",\"item\":\"https:\/\/menoscope.fr\/\"},{\"@type\":\"ListItem\",\"position\":2,\"name\":\"\u00c0 propos\",\"item\":\"https:\/\/menoscope.fr\/index.php\/a-propos\/\"},{\"@type\":\"ListItem\",\"position\":3,\"name\":\"L\u2019\u00e9quipe\"}]},{\"@type\":\"WebSite\",\"@id\":\"https:\/\/menoscope.fr\/#website\",\"url\":\"https:\/\/menoscope.fr\/\",\"name\":\"M\u00e9noscope\",\"description\":\"La vie en (p\u00e9ri)m\u00e9nopause\",\"publisher\":{\"@id\":\"https:\/\/menoscope.fr\/#organization\"},\"potentialAction\":[{\"@type\":\"SearchAction\",\"target\":{\"@type\":\"EntryPoint\",\"urlTemplate\":\"https:\/\/menoscope.fr\/?s={search_term_string}\"},\"query-input\":{\"@type\":\"PropertyValueSpecification\",\"valueRequired\":true,\"valueName\":\"search_term_string\"}}],\"inLanguage\":\"fr-FR\"},{\"@type\":\"Organization\",\"@id\":\"https:\/\/menoscope.fr\/#organization\",\"name\":\"M\u00e9noscope\",\"url\":\"https:\/\/menoscope.fr\/\",\"logo\":{\"@type\":\"ImageObject\",\"inLanguage\":\"fr-FR\",\"@id\":\"https:\/\/menoscope.fr\/#\/schema\/logo\/image\/\",\"url\":\"https:\/\/menoscope.fr\/wp-content\/uploads\/2024\/02\/logo-fond-blanc.jpg\",\"contentUrl\":\"https:\/\/menoscope.fr\/wp-content\/uploads\/2024\/02\/logo-fond-blanc.jpg\",\"width\":1325,\"height\":700,\"caption\":\"M\u00e9noscope\"},\"image\":{\"@id\":\"https:\/\/menoscope.fr\/#\/schema\/logo\/image\/\"},\"sameAs\":[\"https:\/\/www.facebook.com\/profile.php?id=61556923317110\",\"https:\/\/www.instagram.com\/menoscopelemag\/\",\"https:\/\/bsky.app\/profile\/menoscope.bsky.social\"]}]}<\/script>\n<!-- \/ Yoast SEO plugin. -->","yoast_head_json":{"title":"L\u2019\u00e9quipe - M\u00e9noscope","robots":{"index":"index","follow":"follow","max-snippet":"max-snippet:-1","max-image-preview":"max-image-preview:large","max-video-preview":"max-video-preview:-1"},"canonical":"https:\/\/menoscope.fr\/index.php\/a-propos\/lequipe\/","og_locale":"fr_FR","og_type":"article","og_title":"L\u2019\u00e9quipe - M\u00e9noscope","og_description":"Sophie Dinh-Ichac La R\u00e9dac&rsquo; cheffe Traductrice m\u00e9dicale au travail, quinquag\u00e9naire \u00e0 la ville \u2013 ou plut\u00f4t \u00e0 la campagne \u2013 Sophie d\u00e9couvre avec une stupeur qui ne s\u2019\u00e9mousse pas la myriade de sympt\u00f4mes de la p\u00e9rim\u00e9nopause. D\u00e9bordante d\u2019\u00e9nergie, elle a lanc\u00e9 le projet fou de M\u00e9noscope pour contribuer \u00e0 informer sur ces sujets encore tabous, [&hellip;]","og_url":"https:\/\/menoscope.fr\/index.php\/a-propos\/lequipe\/","og_site_name":"M\u00e9noscope","article_publisher":"https:\/\/www.facebook.com\/profile.php?id=61556923317110","article_modified_time":"2024-05-16T19:39:25+00:00","og_image":[{"url":"http:\/\/menoscope.fr\/wp-content\/uploads\/2024\/02\/Macho.jpg","type":"","width":"","height":""}],"twitter_card":"summary_large_image","twitter_misc":{"Dur\u00e9e de lecture estim\u00e9e":"5 minutes"},"schema":{"@context":"https:\/\/schema.org","@graph":[{"@type":"WebPage","@id":"https:\/\/menoscope.fr\/index.php\/a-propos\/lequipe\/","url":"https:\/\/menoscope.fr\/index.php\/a-propos\/lequipe\/","name":"L\u2019\u00e9quipe - M\u00e9noscope","isPartOf":{"@id":"https:\/\/menoscope.fr\/#website"},"primaryImageOfPage":{"@id":"https:\/\/menoscope.fr\/index.php\/a-propos\/lequipe\/#primaryimage"},"image":{"@id":"https:\/\/menoscope.fr\/index.php\/a-propos\/lequipe\/#primaryimage"},"thumbnailUrl":"http:\/\/menoscope.fr\/wp-content\/uploads\/2024\/02\/Macho.jpg","datePublished":"2024-02-20T07:42:13+00:00","dateModified":"2024-05-16T19:39:25+00:00","breadcrumb":{"@id":"https:\/\/menoscope.fr\/index.php\/a-propos\/lequipe\/#breadcrumb"},"inLanguage":"fr-FR","potentialAction":[{"@type":"ReadAction","target":["https:\/\/menoscope.fr\/index.php\/a-propos\/lequipe\/"]}]},{"@type":"ImageObject","inLanguage":"fr-FR","@id":"https:\/\/menoscope.fr\/index.php\/a-propos\/lequipe\/#primaryimage","url":"https:\/\/menoscope.fr\/wp-content\/uploads\/2024\/02\/Macho.jpg","contentUrl":"https:\/\/menoscope.fr\/wp-content\/uploads\/2024\/02\/Macho.jpg","width":270,"height":270,"caption":"Macho de M\u00e9noscope"},{"@type":"BreadcrumbList","@id":"https:\/\/menoscope.fr\/index.php\/a-propos\/lequipe\/#breadcrumb","itemListElement":[{"@type":"ListItem","position":1,"name":"Accueil","item":"https:\/\/menoscope.fr\/"},{"@type":"ListItem","position":2,"name":"\u00c0 propos","item":"https:\/\/menoscope.fr\/index.php\/a-propos\/"},{"@type":"ListItem","position":3,"name":"L\u2019\u00e9quipe"}]},{"@type":"WebSite","@id":"https:\/\/menoscope.fr\/#website","url":"https:\/\/menoscope.fr\/","name":"M\u00e9noscope","description":"La vie en (p\u00e9ri)m\u00e9nopause","publisher":{"@id":"https:\/\/menoscope.fr\/#organization"},"potentialAction":[{"@type":"SearchAction","target":{"@type":"EntryPoint","urlTemplate":"https:\/\/menoscope.fr\/?s={search_term_string}"},"query-input":{"@type":"PropertyValueSpecification","valueRequired":true,"valueName":"search_term_string"}}],"inLanguage":"fr-FR"},{"@type":"Organization","@id":"https:\/\/menoscope.fr\/#organization","name":"M\u00e9noscope","url":"https:\/\/menoscope.fr\/","logo":{"@type":"ImageObject","inLanguage":"fr-FR","@id":"https:\/\/menoscope.fr\/#\/schema\/logo\/image\/","url":"https:\/\/menoscope.fr\/wp-content\/uploads\/2024\/02\/logo-fond-blanc.jpg","contentUrl":"https:\/\/menoscope.fr\/wp-content\/uploads\/2024\/02\/logo-fond-blanc.jpg","width":1325,"height":700,"caption":"M\u00e9noscope"},"image":{"@id":"https:\/\/menoscope.fr\/#\/schema\/logo\/image\/"},"sameAs":["https:\/\/www.facebook.com\/profile.php?id=61556923317110","https:\/\/www.instagram.com\/menoscopelemag\/","https:\/\/bsky.app\/profile\/menoscope.bsky.social"]}]}},"_links":{"self":[{"href":"https:\/\/menoscope.fr\/index.php\/wp-json\/wp\/v2\/pages\/8","targetHints":{"allow":["GET"]}}],"collection":[{"href":"https:\/\/menoscope.fr\/index.php\/wp-json\/wp\/v2\/pages"}],"about":[{"href":"https:\/\/menoscope.fr\/index.php\/wp-json\/wp\/v2\/types\/page"}],"author":[{"embeddable":true,"href":"https:\/\/menoscope.fr\/index.php\/wp-json\/wp\/v2\/users\/1"}],"replies":[{"embeddable":true,"href":"https:\/\/menoscope.fr\/index.php\/wp-json\/wp\/v2\/comments?post=8"}],"version-history":[{"count":9,"href":"https:\/\/menoscope.fr\/index.php\/wp-json\/wp\/v2\/pages\/8\/revisions"}],"predecessor-version":[{"id":685,"href":"https:\/\/menoscope.fr\/index.php\/wp-json\/wp\/v2\/pages\/8\/revisions\/685"}],"up":[{"embeddable":true,"href":"https:\/\/menoscope.fr\/index.php\/wp-json\/wp\/v2\/pages\/5"}],"wp:attachment":[{"href":"https:\/\/menoscope.fr\/index.php\/wp-json\/wp\/v2\/media?parent=8"}],"curies":[{"name":"wp","href":"https:\/\/api.w.org\/{rel}","templated":true}]}}